{"id":16799,"date":"2026-05-07T07:37:15","date_gmt":"2026-05-07T07:37:15","guid":{"rendered":"https:\/\/premiumthcstore.de\/?page_id=16799"},"modified":"2026-05-07T07:40:31","modified_gmt":"2026-05-07T07:40:31","slug":"widerrufsrecht","status":"publish","type":"page","link":"https:\/\/premiumthcstore.de\/de\/widerrufsrecht\/","title":{"rendered":"Widerrufsrecht"},"content":{"rendered":"<div data-elementor-type=\"wp-page\" data-elementor-id=\"16799\" class=\"elementor elementor-16799\" data-elementor-post-type=\"page\">\n\t\t\t\t<div class=\"wd-negative-gap elementor-element elementor-element-45d96b6 e-flex e-con-boxed e-con e-parent\" data-id=\"45d96b6\" data-element_type=\"container\" data-e-type=\"container\">\n\t\t\t\t\t<div class=\"e-con-inner\">\n\t\t\t\t<div class=\"elementor-element elementor-element-cfd47dd elementor-widget elementor-widget-wd_text_block\" data-id=\"cfd47dd\" data-element_type=\"widget\" data-e-type=\"widget\" data-widget_type=\"wd_text_block.default\">\n\t\t\t\t<div class=\"elementor-widget-container\">\n\t\t\t\t\t\t\t<div class=\"wd-text-block reset-last-child text-left\">\n\t\t\t\n\t\t\t<h2><span style=\"color: #000000;\">1. Allgemeine Informationen<\/span><\/h2><p class=\"ds-markdown-paragraph\"><span style=\"color: #000000;\">Verbraucher haben bei Abschluss eines Fernabsatzvertrags grunds\u00e4tzlich ein gesetzliches Widerrufsrecht. Die Einzelheiten hierzu sind nachfolgend aufgef\u00fchrt. Ausnahmen sind in Abschnitt (2) geregelt. Ein Muster-Widerrufsformular finden Sie in Abschnitt (3).<\/span><\/p><hr \/><h2><span style=\"color: #000000;\">Widerrufsbelehrung<\/span><\/h2><h3><span style=\"color: #000000;\">Widerrufsrecht<\/span><\/h3><p class=\"ds-markdown-paragraph\"><span style=\"color: #000000;\">Sie haben das Recht, binnen\u00a0<strong>vierzehn (14) Tagen<\/strong>\u00a0ohne Angabe von Gr\u00fcnden diesen Vertrag zu widerrufen.<\/span><\/p><p class=\"ds-markdown-paragraph\"><span style=\"color: #000000;\">Die Widerrufsfrist betr\u00e4gt 14 Tage ab dem Tag, an dem Sie oder ein von Ihnen benannter Dritter (der nicht der Bef\u00f6rderer ist) die Ware in Besitz genommen haben.<\/span><\/p><p class=\"ds-markdown-paragraph\"><span style=\"color: #000000;\">Um Ihr Widerrufsrecht auszu\u00fcben, m\u00fcssen Sie uns kontaktieren:<\/span><\/p><p class=\"ds-markdown-paragraph\"><span style=\"color: #000000;\"><strong>Premium THC Store<\/strong><\/span><br \/><span style=\"color: #000000;\">E-Mail:\u00a0<a href=\"mailto:sales@premiumthcstore.de\">sales@premiumthcstore.de<\/a><\/span><br \/><br \/><span style=\"color: #000000;\">mittels einer eindeutigen Erkl\u00e4rung (z. B. per E-Mail oder Nachricht), in der Sie uns \u00fcber Ihren Entschluss informieren, diesen Vertrag zu widerrufen. Sie k\u00f6nnen daf\u00fcr das untenstehende Muster-Widerrufsformular verwenden. Dies ist jedoch nicht verpflichtend.<\/span><\/p><p class=\"ds-markdown-paragraph\"><span style=\"color: #000000;\">Zur Wahrung der Widerrufsfrist reicht es aus, dass Sie Ihre Mitteilung vor Ablauf der Frist absenden.<\/span><\/p><hr \/><h3><span style=\"color: #000000;\">R\u00fccksendung &amp; Kosten<\/span><\/h3><p class=\"ds-markdown-paragraph\"><span style=\"color: #000000;\">Wenn Sie eine R\u00fccksendung veranlassen m\u00f6chten, kontaktieren Sie bitte zun\u00e4chst unseren Support. Wir stellen Ihnen ein\u00a0<strong>R\u00fccksendeetikett<\/strong>\u00a0zur Verf\u00fcgung.<\/span><\/p><ul><li><p class=\"ds-markdown-paragraph\"><span style=\"color: #000000;\">Eine\u00a0<strong>R\u00fccksendegeb\u00fchr von 5,99 \u20ac<\/strong>\u00a0wird von Ihrer R\u00fcckerstattung abgezogen.<\/span><\/p><\/li><li><p class=\"ds-markdown-paragraph\"><span style=\"color: #000000;\">R\u00fccksendungen\u00a0<strong>ohne unser bereitgestelltes R\u00fccksendeetikett<\/strong>\u00a0k\u00f6nnen nicht bearbeitet oder erstattet werden.<\/span><\/p><\/li><li><p class=\"ds-markdown-paragraph\"><span style=\"color: #000000;\">Alle Artikel m\u00fcssen\u00a0<strong>vollst\u00e4ndig und in ordnungsgem\u00e4\u00dfem Zustand<\/strong>\u00a0zur\u00fcckgesendet werden.<\/span><\/p><\/li><\/ul><hr \/><h3><span style=\"color: #000000;\">Folgen des Widerrufs<\/span><\/h3><p class=\"ds-markdown-paragraph\"><span style=\"color: #000000;\">Wenn Sie diesen Vertrag widerrufen, erstatten wir Ihnen\u00a0<strong>alle erhaltenen Zahlungen<\/strong>\u00a0einschlie\u00dflich der Standard-Lieferkosten (mit Ausnahme zus\u00e4tzlicher Kosten, die durch eine von Ihnen gew\u00e4hlte, teurere Versandart entstanden sind) unverz\u00fcglich und sp\u00e4testens binnen\u00a0<strong>14 Tagen<\/strong>\u00a0ab dem Tag, an dem Ihre Widerrufserkl\u00e4rung bei uns eingegangen ist.<\/span><\/p><p class=\"ds-markdown-paragraph\"><span style=\"color: #000000;\">Die R\u00fcckzahlung erfolgt \u00fcber\u00a0<strong>dasselbe Zahlungsmittel<\/strong>, das Sie bei der urspr\u00fcnglichen Transaktion verwendet haben, sofern nichts anderes vereinbart wurde. Ihnen entstehen dadurch keine zus\u00e4tzlichen Geb\u00fchren.<\/span><\/p><p class=\"ds-markdown-paragraph\"><span style=\"color: #000000;\">Wir behalten uns vor, die R\u00fcckzahlung zu verweigern, bis wir die Ware zur\u00fcckerhalten haben\u00a0<strong>oder<\/strong>\u00a0Sie einen Nachweis \u00fcber die R\u00fccksendung erbracht haben \u2013 je nachdem, welcher Zeitpunkt fr\u00fcher eintritt.<\/span><\/p><p class=\"ds-markdown-paragraph\"><span style=\"color: #000000;\">Sie sind verpflichtet, die Ware\u00a0<strong>unverz\u00fcglich und sp\u00e4testens binnen 14 Tagen<\/strong>\u00a0nach Erkl\u00e4rung des Widerrufs an uns zur\u00fcckzusenden.<\/span><\/p><p class=\"ds-markdown-paragraph\"><span style=\"color: #000000;\">Sie tragen die\u00a0<strong>unmittelbaren Kosten der R\u00fccksendung<\/strong>.<\/span><\/p><p class=\"ds-markdown-paragraph\"><span style=\"color: #000000;\">F\u00fcr einen etwaigen\u00a0<strong>Wertverlust<\/strong>\u00a0der Waren m\u00fcssen Sie nur aufkommen, wenn dieser durch einen Umgang entstanden ist, der \u00fcber die Pr\u00fcfung der Beschaffenheit, Eigenschaften und Funktionsweise hinausgeht.<\/span><\/p><hr \/><h2><span style=\"color: #000000;\">2. Ausschluss des Widerrufsrechts<\/span><\/h2><p class=\"ds-markdown-paragraph\"><span style=\"color: #000000;\">Das Widerrufsrecht besteht\u00a0<strong>nicht<\/strong>\u00a0bei:<\/span><\/p><ul><li><p class=\"ds-markdown-paragraph\"><span style=\"color: #000000;\"><strong>Versiegelten Waren<\/strong>, die aus Gr\u00fcnden des Gesundheitsschutzes oder der Hygiene nicht zur R\u00fcckgabe geeignet sind, sofern die Versiegelung nach der Lieferung entfernt wurde.<\/span><\/p><\/li><\/ul><blockquote><p class=\"ds-markdown-paragraph\"><span style=\"color: #000000;\"><em>Dies betrifft insbesondere ge\u00f6ffnete Vapes, Edibles, Bl\u00fcten und andere konsumbare THC-Produkte.<\/em><\/span><\/p><\/blockquote><hr \/><h2><span style=\"color: #000000;\">3. Muster-Widerrufsformular<\/span><\/h2><p class=\"ds-markdown-paragraph\"><span style=\"color: #000000;\">(Wenn Sie den Vertrag widerrufen m\u00f6chten, f\u00fcllen Sie bitte dieses Formular aus und senden Sie es zur\u00fcck.)<\/span><\/p><p class=\"ds-markdown-paragraph\"><span style=\"color: #000000;\"><strong>An:<\/strong><\/span><br \/><span style=\"color: #000000;\">Premium THC Store<\/span><br \/><span style=\"color: #000000;\">E-Mail:\u00a0sales@premiumthcstore.de<\/span><br \/><span style=\"color: #000000;\">WhatsApp: +49 15781082067<\/span><\/p><hr \/><p class=\"ds-markdown-paragraph\"><span style=\"color: #000000;\">Hiermit widerrufe(n) ich\/wir (<em>) den von mir\/uns (<\/em>) abgeschlossenen Vertrag \u00fcber den Kauf der folgenden Waren \/ die Erbringung der folgenden Dienstleistung:<\/span><\/p><p class=\"ds-markdown-paragraph\"><span style=\"color: #000000;\"><strong>Bestellt am:<\/strong>\u00a0(<em>)<br \/><strong>Erhalten am:<\/strong>\u00a0(<\/em>)<\/span><\/p><p class=\"ds-markdown-paragraph\"><span style=\"color: #000000;\"><strong>Name des\/der Verbraucher(s):<\/strong><\/span><br \/><span style=\"color: #000000;\"><strong>Anschrift des\/der Verbraucher(s):<\/strong><\/span><\/p><p class=\"ds-markdown-paragraph\"><span style=\"color: #000000;\"><strong>Unterschrift<\/strong>\u00a0(nur bei Mitteilung auf Papier)<\/span><br \/><span style=\"color: #000000;\"><strong>Datum:<\/strong><\/span><\/p><p class=\"ds-markdown-paragraph\"><span style=\"color: #000000;\">(*) Unzutreffendes streichen<\/span><\/p><hr \/><h2><span style=\"color: #000000;\">Zus\u00e4tzlicher Hinweis f\u00fcr Kunden<\/span><\/h2><p class=\"ds-markdown-paragraph\"><span style=\"color: #000000;\">Bitte beachten Sie: Aufgrund der hygienischen und gesundheitlichen Anforderungen an konsumbare THC-Produkte k\u00f6nnen wir ge\u00f6ffnete oder gebrauchte Artikel nicht zur\u00fccknehmen. Bitte pr\u00fcfen Sie Ihre Bestellung bei Erhalt sofort auf Vollst\u00e4ndigkeit und Unversehrtheit.<\/span><\/p>\n\t\t\t\t\t<\/div>\n\t\t\t\t\t\t<\/div>\n\t\t\t\t<\/div>\n\t\t\t\t\t<\/div>\n\t\t\t\t<\/div>\n\t\t\t\t<\/div>","protected":false},"excerpt":{"rendered":"<p>1. Allgemeine Informationen Verbraucher haben bei Abschluss eines Fernabsatzvertrags grunds\u00e4tzlich ein gesetzliches Widerrufsrecht. Die Einzelheiten hierzu sind nachfolgend aufgef\u00fchrt. Ausnahmen<\/p>","protected":false},"author":1,"featured_media":0,"parent":0,"menu_order":0,"comment_status":"closed","ping_status":"closed","template":"elementor_header_footer","meta":{"footnotes":""},"class_list":["post-16799","page","type-page","status-publish","hentry"],"_hostinger_reach_plugin_has_subscription_block":false,"_hostinger_reach_plugin_is_elementor":false,"_links":{"self":[{"href":"https:\/\/premiumthcstore.de\/de\/wp-json\/wp\/v2\/pages\/16799","targetHints":{"allow":["GET"]}}],"collection":[{"href":"https:\/\/premiumthcstore.de\/de\/wp-json\/wp\/v2\/pages"}],"about":[{"href":"https:\/\/premiumthcstore.de\/de\/wp-json\/wp\/v2\/types\/page"}],"author":[{"embeddable":true,"href":"https:\/\/premiumthcstore.de\/de\/wp-json\/wp\/v2\/users\/1"}],"replies":[{"embeddable":true,"href":"https:\/\/premiumthcstore.de\/de\/wp-json\/wp\/v2\/comments?post=16799"}],"version-history":[{"count":4,"href":"https:\/\/premiumthcstore.de\/de\/wp-json\/wp\/v2\/pages\/16799\/revisions"}],"predecessor-version":[{"id":16807,"href":"https:\/\/premiumthcstore.de\/de\/wp-json\/wp\/v2\/pages\/16799\/revisions\/16807"}],"wp:attachment":[{"href":"https:\/\/premiumthcstore.de\/de\/wp-json\/wp\/v2\/media?parent=16799"}],"curies":[{"name":"wp","href":"https:\/\/api.w.org\/{rel}","templated":true}]}}