{"id":16294,"date":"2026-05-07T02:32:13","date_gmt":"2026-05-07T02:32:13","guid":{"rendered":"https:\/\/premiumthcstore.de\/?post_type=product&#038;p=16294"},"modified":"2026-05-07T02:32:14","modified_gmt":"2026-05-07T02:32:14","slug":"jolly-rancher-gummies-original-flavor-thc-infused-edibles-600mg","status":"publish","type":"product","link":"https:\/\/premiumthcstore.de\/de\/produkt\/jolly-rancher-gummies-original-flavor-thc-infused-edibles-600mg\/","title":{"rendered":"Jolly Rancher Gummies Original Flavor | THC-Infused Edibles | 600mg"},"content":{"rendered":"<p data-start=\"124\" data-end=\"422\">Genie\u00dfe den nostalgischen Geschmack deiner Lieblingss\u00fc\u00dfigkeiten aus der Kindheit \u2013 jetzt mit einem erwachsenen Twist! Die <strong data-start=\"246\" data-end=\"299\">Jolly Rancher Gummies Original Flavor THC Edibles<\/strong> vereinen die intensiven, fruchtigen Aromen der klassischen Jolly Rancher Bonbons in einer weichen, k\u00f6stlichen Gummiform.<\/p>\n<p data-start=\"424\" data-end=\"730\">Mit <strong data-start=\"428\" data-end=\"442\">600 mg THC<\/strong> pro Packung bieten diese Edibles ein kraftvolles und zugleich genussvolles Erlebnis. Jeder Bissen entfaltet eine Explosion aus fruchtigen Geschmacksrichtungen wie Wassermelone, gr\u00fcner Apfel, Kirsche, Traube und blauer Himbeere \u2013 perfekt ausbalanciert zwischen s\u00fc\u00df und leicht s\u00e4uerlich.<\/p>\n<p data-start=\"732\" data-end=\"960\">Die Gummies sorgen nicht nur f\u00fcr ein intensives Geschmackserlebnis, sondern auch f\u00fcr die entspannenden und euphorischen Effekte von THC. Ideal f\u00fcr erfahrene Konsumenten, die eine zuverl\u00e4ssige und gleichm\u00e4\u00dfige Dosierung sch\u00e4tzen.<\/p>\n<hr data-start=\"962\" data-end=\"965\" \/>\n<h3 data-section-id=\"1h9hqnb\" data-start=\"967\" data-end=\"989\"><span role=\"text\"><strong data-start=\"971\" data-end=\"989\">Produktdetails<\/strong><\/span><\/h3>\n<div class=\"TyagGW_tableContainer\">\n<div class=\"group TyagGW_tableWrapper flex flex-col-reverse w-fit\" tabindex=\"-1\">\n<table class=\"w-fit min-w-(--thread-content-width)\" data-start=\"991\" data-end=\"1391\">\n<thead data-start=\"991\" data-end=\"1028\">\n<tr data-start=\"991\" data-end=\"1028\">\n<th class=\"\" data-start=\"991\" data-end=\"1012\" data-col-size=\"sm\">Eigenschaft<\/th>\n<th class=\"\" data-start=\"1012\" data-end=\"1028\" data-col-size=\"md\">Beschreibung<\/th>\n<\/tr>\n<\/thead>\n<tbody data-start=\"1065\" data-end=\"1391\">\n<tr data-start=\"1065\" data-end=\"1123\">\n<td data-start=\"1065\" data-end=\"1085\" data-col-size=\"sm\"><strong data-start=\"1067\" data-end=\"1081\">Produktart<\/strong><\/td>\n<td data-col-size=\"md\" data-start=\"1085\" data-end=\"1123\">THC-infused Edibles (Fruchtgummis)<\/td>\n<\/tr>\n<tr data-start=\"1124\" data-end=\"1166\">\n<td data-start=\"1124\" data-end=\"1144\" data-col-size=\"sm\"><strong data-start=\"1126\" data-end=\"1140\">THC-Gehalt<\/strong><\/td>\n<td data-col-size=\"md\" data-start=\"1144\" data-end=\"1166\">600 mg pro Packung<\/td>\n<\/tr>\n<tr data-start=\"1167\" data-end=\"1250\">\n<td data-start=\"1167\" data-end=\"1187\" data-col-size=\"sm\"><strong data-start=\"1169\" data-end=\"1182\">Geschmack<\/strong><\/td>\n<td data-col-size=\"md\" data-start=\"1187\" data-end=\"1250\">Wassermelone, Gr\u00fcner Apfel, Kirsche, Traube, Blaue Himbeere<\/td>\n<\/tr>\n<tr data-start=\"1251\" data-end=\"1286\">\n<td data-start=\"1251\" data-end=\"1271\" data-col-size=\"sm\"><strong data-start=\"1253\" data-end=\"1267\">Konsistenz<\/strong><\/td>\n<td data-start=\"1271\" data-end=\"1286\" data-col-size=\"md\">Weich &amp; z\u00e4h<\/td>\n<\/tr>\n<tr data-start=\"1287\" data-end=\"1345\">\n<td data-start=\"1287\" data-end=\"1307\" data-col-size=\"sm\"><strong data-start=\"1289\" data-end=\"1303\">Verpackung<\/strong><\/td>\n<td data-col-size=\"md\" data-start=\"1307\" data-end=\"1345\">Wiederverschlie\u00dfbar &amp; kindersicher<\/td>\n<\/tr>\n<tr data-start=\"1346\" data-end=\"1391\">\n<td data-start=\"1346\" data-end=\"1366\" data-col-size=\"sm\"><strong data-start=\"1348\" data-end=\"1362\">Zielgruppe<\/strong><\/td>\n<td data-col-size=\"md\" data-start=\"1366\" data-end=\"1391\">Erfahrene Konsumenten<\/td>\n<\/tr>\n<\/tbody>\n<\/table>\n<\/div>\n<\/div>\n<hr data-start=\"1393\" data-end=\"1396\" \/>\n<h3 data-section-id=\"1ptxicl\" data-start=\"1398\" data-end=\"1416\"><span role=\"text\"><strong data-start=\"1402\" data-end=\"1416\">Highlights<\/strong><\/span><\/h3>\n<ul data-start=\"1418\" data-end=\"1659\">\n<li data-section-id=\"fsl5yp\" data-start=\"1418\" data-end=\"1469\">\ud83c\udf49 Klassische <strong data-start=\"1434\" data-end=\"1467\">Jolly Rancher Original Aromen<\/strong><\/li>\n<li data-section-id=\"1dviq55\" data-start=\"1470\" data-end=\"1510\">\ud83c\udf3f Starke Wirkung mit <strong data-start=\"1494\" data-end=\"1508\">600 mg THC<\/strong><\/li>\n<li data-section-id=\"n1nz64\" data-start=\"1511\" data-end=\"1563\">\ud83c\udf6c Perfekte Balance aus s\u00fc\u00df und leicht s\u00e4uerlich<\/li>\n<li data-section-id=\"1m644j\" data-start=\"1564\" data-end=\"1611\">\ud83c\udfaf Gleichm\u00e4\u00dfige und kontrollierte Dosierung<\/li>\n<li data-section-id=\"1ue62ba\" data-start=\"1612\" data-end=\"1659\">\ud83d\udd12 Sichere, wiederverschlie\u00dfbare Verpackung<\/li>\n<\/ul>\n<hr data-start=\"1661\" data-end=\"1664\" \/>\n<h3 data-section-id=\"wqu9b0\" data-start=\"1666\" data-end=\"1682\"><span role=\"text\"><strong data-start=\"1670\" data-end=\"1682\">Vorteile<\/strong><\/span><\/h3>\n<ul data-start=\"1684\" data-end=\"1847\">\n<li data-section-id=\"sdmn5q\" data-start=\"1684\" data-end=\"1724\">Diskreter Konsum ohne starken Geruch<\/li>\n<li data-section-id=\"15wta8f\" data-start=\"1725\" data-end=\"1777\">Ideal zur Entspannung oder f\u00fcr gesellige Momente<\/li>\n<li data-section-id=\"ozmnq3\" data-start=\"1778\" data-end=\"1819\">Intensiver, langanhaltender Geschmack<\/li>\n<li data-section-id=\"16sodmb\" data-start=\"1820\" data-end=\"1847\">Praktisch f\u00fcr unterwegs<\/li>\n<\/ul>\n<hr data-start=\"1849\" data-end=\"1852\" \/>\n<h3 data-section-id=\"93vfmf\" data-start=\"1854\" data-end=\"1883\"><span role=\"text\"><strong data-start=\"1858\" data-end=\"1883\">Hinweis zur Anwendung<\/strong><\/span><\/h3>\n<p data-start=\"1885\" data-end=\"2082\" data-is-last-node=\"\" data-is-only-node=\"\">Bitte verantwortungsvoll konsumieren. Die Wirkung kann verz\u00f6gert einsetzen und je nach individueller Toleranz variieren.<br data-start=\"2005\" data-end=\"2008\" \/>Au\u00dferhalb der Reichweite von Kindern aufbewahren. K\u00fchl und trocken lagern.<\/p>","protected":false},"excerpt":{"rendered":"<p>Genie\u00dfe den nostalgischen Geschmack deiner Lieblingss\u00fc\u00dfigkeiten aus der Kindheit \u2013 jetzt mit einem erwachsenen Twist! Die Jolly Rancher Gummies Original<\/p>","protected":false},"featured_media":15709,"comment_status":"open","ping_status":"closed","template":"","meta":[],"product_brand":[],"product_cat":[82],"product_tag":[],"class_list":{"0":"post-16294","1":"product","2":"type-product","3":"status-publish","4":"has-post-thumbnail","6":"product_cat-edibles-kaufen","8":"first","9":"instock","10":"shipping-taxable","11":"purchasable","12":"product-type-simple"},"yoast_head":"<!-- This site is optimized with the Yoast SEO Premium plugin v26.1 (Yoast SEO v27.5) - https:\/\/yoast.com\/product\/yoast-seo-premium-wordpress\/ -->\n<title>Jolly Rancher Gummies Original Flavor | THC-Infused Edibles | 600mg &#8211; Premium THC Store<\/title>\n<meta name=\"robots\" content=\"index, follow, max-snippet:-1, max-image-preview:large, max-video-preview:-1\" \/>\n<link rel=\"canonical\" href=\"https:\/\/premiumthcstore.de\/de\/produkt\/jolly-rancher-gummies-original-flavor-thc-infused-edibles-600mg\/\" \/>\n<meta property=\"og:locale\" content=\"de_DE\" \/>\n<meta property=\"og:type\" content=\"article\" \/>\n<meta property=\"og:title\" content=\"Jolly Rancher Gummies Original Flavor | THC-Infused Edibles | 600mg\" \/>\n<meta property=\"og:description\" content=\"Genie\u00dfe den nostalgischen Geschmack deiner Lieblingss\u00fc\u00dfigkeiten aus der Kindheit \u2013 jetzt mit einem erwachsenen Twist! Die Jolly Rancher Gummies Original\" \/>\n<meta property=\"og:url\" content=\"https:\/\/premiumthcstore.de\/de\/produkt\/jolly-rancher-gummies-original-flavor-thc-infused-edibles-600mg\/\" \/>\n<meta property=\"og:site_name\" content=\"Premium THC Store\" \/>\n<meta property=\"article:modified_time\" content=\"2026-05-07T02:32:14+00:00\" \/>\n<meta property=\"og:image\" content=\"https:\/\/premiumthcstore.de\/wp-content\/uploads\/2026\/05\/Ppp04.jpg\" \/>\n\t<meta property=\"og:image:width\" content=\"495\" \/>\n\t<meta property=\"og:image:height\" content=\"550\" \/>\n\t<meta property=\"og:image:type\" content=\"image\/jpeg\" \/>\n<meta name=\"twitter:card\" content=\"summary_large_image\" \/>\n<meta name=\"twitter:label1\" content=\"Gesch\u00e4tzte Lesezeit\" \/>\n\t<meta name=\"twitter:data1\" content=\"1\u00a0Minute\" \/>\n<script type=\"application\/ld+json\" class=\"yoast-schema-graph\">{\"@context\":\"https:\\\/\\\/schema.org\",\"@graph\":[{\"@type\":\"WebPage\",\"@id\":\"https:\\\/\\\/premiumthcstore.de\\\/product\\\/jolly-rancher-gummies-original-flavor-thc-infused-edibles-600mg\\\/\",\"url\":\"https:\\\/\\\/premiumthcstore.de\\\/product\\\/jolly-rancher-gummies-original-flavor-thc-infused-edibles-600mg\\\/\",\"name\":\"Jolly Rancher Gummies Original Flavor | THC-Infused Edibles | 600mg &#8211; Premium THC Store\",\"isPartOf\":{\"@id\":\"https:\\\/\\\/premiumthcstore.de\\\/#website\"},\"primaryImageOfPage\":{\"@id\":\"https:\\\/\\\/premiumthcstore.de\\\/product\\\/jolly-rancher-gummies-original-flavor-thc-infused-edibles-600mg\\\/#primaryimage\"},\"image\":{\"@id\":\"https:\\\/\\\/premiumthcstore.de\\\/product\\\/jolly-rancher-gummies-original-flavor-thc-infused-edibles-600mg\\\/#primaryimage\"},\"thumbnailUrl\":\"https:\\\/\\\/premiumthcstore.de\\\/wp-content\\\/uploads\\\/2026\\\/05\\\/Ppp04.jpg\",\"datePublished\":\"2026-05-07T02:32:13+00:00\",\"dateModified\":\"2026-05-07T02:32:14+00:00\",\"breadcrumb\":{\"@id\":\"https:\\\/\\\/premiumthcstore.de\\\/product\\\/jolly-rancher-gummies-original-flavor-thc-infused-edibles-600mg\\\/#breadcrumb\"},\"inLanguage\":\"de\",\"potentialAction\":[{\"@type\":\"ReadAction\",\"target\":[\"https:\\\/\\\/premiumthcstore.de\\\/product\\\/jolly-rancher-gummies-original-flavor-thc-infused-edibles-600mg\\\/\"]}]},{\"@type\":\"ImageObject\",\"inLanguage\":\"de\",\"@id\":\"https:\\\/\\\/premiumthcstore.de\\\/product\\\/jolly-rancher-gummies-original-flavor-thc-infused-edibles-600mg\\\/#primaryimage\",\"url\":\"https:\\\/\\\/premiumthcstore.de\\\/wp-content\\\/uploads\\\/2026\\\/05\\\/Ppp04.jpg\",\"contentUrl\":\"https:\\\/\\\/premiumthcstore.de\\\/wp-content\\\/uploads\\\/2026\\\/05\\\/Ppp04.jpg\",\"width\":495,\"height\":550},{\"@type\":\"BreadcrumbList\",\"@id\":\"https:\\\/\\\/premiumthcstore.de\\\/product\\\/jolly-rancher-gummies-original-flavor-thc-infused-edibles-600mg\\\/#breadcrumb\",\"itemListElement\":[{\"@type\":\"ListItem\",\"position\":1,\"name\":\"Home\",\"item\":\"https:\\\/\\\/premiumthcstore.de\\\/\"},{\"@type\":\"ListItem\",\"position\":2,\"name\":\"Shop\",\"item\":\"https:\\\/\\\/premiumthcstore.de\\\/einkaufen\\\/\"},{\"@type\":\"ListItem\",\"position\":3,\"name\":\"Jolly Rancher Gummies Original Flavor | THC-Infused Edibles | 600mg\"}]},{\"@type\":\"WebSite\",\"@id\":\"https:\\\/\\\/premiumthcstore.de\\\/#website\",\"url\":\"https:\\\/\\\/premiumthcstore.de\\\/\",\"name\":\"Premium THC Store\",\"description\":\"Premium THC Store \u2014 Wo Qualit\u00e4t auf das High Life trifft\",\"publisher\":{\"@id\":\"https:\\\/\\\/premiumthcstore.de\\\/#organization\"},\"alternateName\":\"Premium THC Shop\",\"potentialAction\":[{\"@type\":\"SearchAction\",\"target\":{\"@type\":\"EntryPoint\",\"urlTemplate\":\"https:\\\/\\\/premiumthcstore.de\\\/?s={search_term_string}\"},\"query-input\":{\"@type\":\"PropertyValueSpecification\",\"valueRequired\":true,\"valueName\":\"search_term_string\"}}],\"inLanguage\":\"de\"},{\"@type\":\"Organization\",\"@id\":\"https:\\\/\\\/premiumthcstore.de\\\/#organization\",\"name\":\"Premium THC Store\",\"alternateName\":\"Premium THC Shop\",\"url\":\"https:\\\/\\\/premiumthcstore.de\\\/\",\"logo\":{\"@type\":\"ImageObject\",\"inLanguage\":\"de\",\"@id\":\"https:\\\/\\\/premiumthcstore.de\\\/#\\\/schema\\\/logo\\\/image\\\/\",\"url\":\"http:\\\/\\\/premiumthcstore.de\\\/wp-content\\\/uploads\\\/2026\\\/05\\\/Black-Personal-Name-Initials-Typography-Logo-Design.png\",\"contentUrl\":\"http:\\\/\\\/premiumthcstore.de\\\/wp-content\\\/uploads\\\/2026\\\/05\\\/Black-Personal-Name-Initials-Typography-Logo-Design.png\",\"width\":500,\"height\":500,\"caption\":\"Premium THC Store\"},\"image\":{\"@id\":\"https:\\\/\\\/premiumthcstore.de\\\/#\\\/schema\\\/logo\\\/image\\\/\"}}]}<\/script>\n<!-- \/ Yoast SEO Premium plugin. -->","yoast_head_json":{"title":"Jolly Rancher Gummies Original Flavor | THC-Infused Edibles | 600mg &#8211; Premium THC Store","robots":{"index":"index","follow":"follow","max-snippet":"max-snippet:-1","max-image-preview":"max-image-preview:large","max-video-preview":"max-video-preview:-1"},"canonical":"https:\/\/premiumthcstore.de\/de\/produkt\/jolly-rancher-gummies-original-flavor-thc-infused-edibles-600mg\/","og_locale":"de_DE","og_type":"article","og_title":"Jolly Rancher Gummies Original Flavor | THC-Infused Edibles | 600mg","og_description":"Genie\u00dfe den nostalgischen Geschmack deiner Lieblingss\u00fc\u00dfigkeiten aus der Kindheit \u2013 jetzt mit einem erwachsenen Twist! Die Jolly Rancher Gummies Original","og_url":"https:\/\/premiumthcstore.de\/de\/produkt\/jolly-rancher-gummies-original-flavor-thc-infused-edibles-600mg\/","og_site_name":"Premium THC Store","article_modified_time":"2026-05-07T02:32:14+00:00","og_image":[{"width":495,"height":550,"url":"https:\/\/premiumthcstore.de\/wp-content\/uploads\/2026\/05\/Ppp04.jpg","type":"image\/jpeg"}],"twitter_card":"summary_large_image","twitter_misc":{"Gesch\u00e4tzte Lesezeit":"1\u00a0Minute"},"schema":{"@context":"https:\/\/schema.org","@graph":[{"@type":"WebPage","@id":"https:\/\/premiumthcstore.de\/product\/jolly-rancher-gummies-original-flavor-thc-infused-edibles-600mg\/","url":"https:\/\/premiumthcstore.de\/product\/jolly-rancher-gummies-original-flavor-thc-infused-edibles-600mg\/","name":"Jolly Rancher Gummies Original Flavor | THC-Infused Edibles | 600mg &#8211; Premium THC Store","isPartOf":{"@id":"https:\/\/premiumthcstore.de\/#website"},"primaryImageOfPage":{"@id":"https:\/\/premiumthcstore.de\/product\/jolly-rancher-gummies-original-flavor-thc-infused-edibles-600mg\/#primaryimage"},"image":{"@id":"https:\/\/premiumthcstore.de\/product\/jolly-rancher-gummies-original-flavor-thc-infused-edibles-600mg\/#primaryimage"},"thumbnailUrl":"https:\/\/premiumthcstore.de\/wp-content\/uploads\/2026\/05\/Ppp04.jpg","datePublished":"2026-05-07T02:32:13+00:00","dateModified":"2026-05-07T02:32:14+00:00","breadcrumb":{"@id":"https:\/\/premiumthcstore.de\/product\/jolly-rancher-gummies-original-flavor-thc-infused-edibles-600mg\/#breadcrumb"},"inLanguage":"de","potentialAction":[{"@type":"ReadAction","target":["https:\/\/premiumthcstore.de\/product\/jolly-rancher-gummies-original-flavor-thc-infused-edibles-600mg\/"]}]},{"@type":"ImageObject","inLanguage":"de","@id":"https:\/\/premiumthcstore.de\/product\/jolly-rancher-gummies-original-flavor-thc-infused-edibles-600mg\/#primaryimage","url":"https:\/\/premiumthcstore.de\/wp-content\/uploads\/2026\/05\/Ppp04.jpg","contentUrl":"https:\/\/premiumthcstore.de\/wp-content\/uploads\/2026\/05\/Ppp04.jpg","width":495,"height":550},{"@type":"BreadcrumbList","@id":"https:\/\/premiumthcstore.de\/product\/jolly-rancher-gummies-original-flavor-thc-infused-edibles-600mg\/#breadcrumb","itemListElement":[{"@type":"ListItem","position":1,"name":"Home","item":"https:\/\/premiumthcstore.de\/"},{"@type":"ListItem","position":2,"name":"Shop","item":"https:\/\/premiumthcstore.de\/einkaufen\/"},{"@type":"ListItem","position":3,"name":"Jolly Rancher Gummies Original Flavor | THC-Infused Edibles | 600mg"}]},{"@type":"WebSite","@id":"https:\/\/premiumthcstore.de\/#website","url":"https:\/\/premiumthcstore.de\/","name":"Premium THC Store","description":"Premium THC Store \u2014 Wo Qualit\u00e4t auf das High Life trifft","publisher":{"@id":"https:\/\/premiumthcstore.de\/#organization"},"alternateName":"Premium THC Shop","potentialAction":[{"@type":"SearchAction","target":{"@type":"EntryPoint","urlTemplate":"https:\/\/premiumthcstore.de\/?s={search_term_string}"},"query-input":{"@type":"PropertyValueSpecification","valueRequired":true,"valueName":"search_term_string"}}],"inLanguage":"de"},{"@type":"Organization","@id":"https:\/\/premiumthcstore.de\/#organization","name":"Premium THC Store","alternateName":"Premium THC Shop","url":"https:\/\/premiumthcstore.de\/","logo":{"@type":"ImageObject","inLanguage":"de","@id":"https:\/\/premiumthcstore.de\/#\/schema\/logo\/image\/","url":"http:\/\/premiumthcstore.de\/wp-content\/uploads\/2026\/05\/Black-Personal-Name-Initials-Typography-Logo-Design.png","contentUrl":"http:\/\/premiumthcstore.de\/wp-content\/uploads\/2026\/05\/Black-Personal-Name-Initials-Typography-Logo-Design.png","width":500,"height":500,"caption":"Premium THC Store"},"image":{"@id":"https:\/\/premiumthcstore.de\/#\/schema\/logo\/image\/"}}]}},"_links":{"self":[{"href":"https:\/\/premiumthcstore.de\/de\/wp-json\/wp\/v2\/product\/16294","targetHints":{"allow":["GET"]}}],"collection":[{"href":"https:\/\/premiumthcstore.de\/de\/wp-json\/wp\/v2\/product"}],"about":[{"href":"https:\/\/premiumthcstore.de\/de\/wp-json\/wp\/v2\/types\/product"}],"replies":[{"embeddable":true,"href":"https:\/\/premiumthcstore.de\/de\/wp-json\/wp\/v2\/comments?post=16294"}],"version-history":[{"count":1,"href":"https:\/\/premiumthcstore.de\/de\/wp-json\/wp\/v2\/product\/16294\/revisions"}],"predecessor-version":[{"id":16314,"href":"https:\/\/premiumthcstore.de\/de\/wp-json\/wp\/v2\/product\/16294\/revisions\/16314"}],"wp:featuredmedia":[{"embeddable":true,"href":"https:\/\/premiumthcstore.de\/de\/wp-json\/wp\/v2\/media\/15709"}],"wp:attachment":[{"href":"https:\/\/premiumthcstore.de\/de\/wp-json\/wp\/v2\/media?parent=16294"}],"wp:term":[{"taxonomy":"product_brand","embeddable":true,"href":"https:\/\/premiumthcstore.de\/de\/wp-json\/wp\/v2\/product_brand?post=16294"},{"taxonomy":"product_cat","embeddable":true,"href":"https:\/\/premiumthcstore.de\/de\/wp-json\/wp\/v2\/product_cat?post=16294"},{"taxonomy":"product_tag","embeddable":true,"href":"https:\/\/premiumthcstore.de\/de\/wp-json\/wp\/v2\/product_tag?post=16294"}],"curies":[{"name":"wp","href":"https:\/\/api.w.org\/{rel}","templated":true}]}}