{"id":16330,"date":"2026-05-07T02:32:16","date_gmt":"2026-05-07T02:32:16","guid":{"rendered":"https:\/\/premiumthcstore.de\/?post_type=product&#038;p=16330"},"modified":"2026-05-07T02:32:17","modified_gmt":"2026-05-07T02:32:17","slug":"polka-a-dot-schokolade-der-original-schokoriegel-5-gramm","status":"publish","type":"product","link":"https:\/\/premiumthcstore.de\/de\/produkt\/polka-a-dot-schokolade-der-original-schokoriegel-5-gramm\/","title":{"rendered":"Polka-A-Dot Schokolade | Der Original Schokoriegel | 5 Gramm"},"content":{"rendered":"<p data-start=\"401\" data-end=\"705\">Die <strong data-start=\"405\" data-end=\"459\">Polka-A-Dot Schokolade \u2013 Der Original Schokoriegel<\/strong> wird aus feinster belgischer Milchschokolade hergestellt und bietet ein unvergleichlich <strong data-start=\"548\" data-end=\"588\">weiches, cremiges Geschmackserlebnis<\/strong>. Die sorgf\u00e4ltig ausgew\u00e4hlten, nat\u00fcrlichen Zutaten sorgen f\u00fcr eine perfekte Balance aus S\u00fc\u00dfe und feiner Kakao-Note.<\/p>\n<p data-start=\"707\" data-end=\"981\">Neben dem exzellenten Geschmack enth\u00e4lt dieser Riegel eine speziell entwickelte Mischung funktionaler Inhaltsstoffe auf Pilzbasis. Diese Kombination macht das Produkt zu mehr als nur einer S\u00fc\u00dfigkeit \u2013 es ist ein einzigartiger Supplement-Schokoriegel f\u00fcr bewusste Genie\u00dfer.<\/p>\n<hr data-start=\"983\" data-end=\"986\" \/>\n<h3 data-section-id=\"1tdgsk2\" data-start=\"988\" data-end=\"1016\"><span role=\"text\"><strong data-start=\"992\" data-end=\"1016\">Wirkstoffe pro St\u00fcck<\/strong><\/span><\/h3>\n<div class=\"TyagGW_tableContainer\">\n<div class=\"group TyagGW_tableWrapper flex flex-col-reverse w-fit\" tabindex=\"-1\">\n<table class=\"w-fit min-w-(--thread-content-width)\" data-start=\"1018\" data-end=\"1192\">\n<thead data-start=\"1018\" data-end=\"1042\">\n<tr data-start=\"1018\" data-end=\"1042\">\n<th class=\"\" data-start=\"1018\" data-end=\"1033\" data-col-size=\"sm\">Inhaltsstoff<\/th>\n<th class=\"\" data-start=\"1033\" data-end=\"1042\" data-col-size=\"sm\">Menge<\/th>\n<\/tr>\n<\/thead>\n<tbody data-start=\"1067\" data-end=\"1192\">\n<tr data-start=\"1067\" data-end=\"1118\">\n<td data-start=\"1067\" data-end=\"1108\" data-col-size=\"sm\"><strong data-start=\"1069\" data-end=\"1107\">Muscimol-Isolat (Amanita muscaria)<\/strong><\/td>\n<td data-start=\"1108\" data-end=\"1118\" data-col-size=\"sm\">0,5 mg<\/td>\n<\/tr>\n<tr data-start=\"1119\" data-end=\"1144\">\n<td data-start=\"1119\" data-end=\"1137\" data-col-size=\"sm\"><strong data-start=\"1121\" data-end=\"1136\">Ibotens\u00e4ure<\/strong><\/td>\n<td data-start=\"1137\" data-end=\"1144\" data-col-size=\"sm\">0 %<\/td>\n<\/tr>\n<tr data-start=\"1145\" data-end=\"1192\">\n<td data-start=\"1145\" data-end=\"1182\" data-col-size=\"sm\"><strong data-start=\"1147\" data-end=\"1181\">Propriet\u00e4re Bio-Polka-Mischung<\/strong><\/td>\n<td data-start=\"1182\" data-end=\"1192\" data-col-size=\"sm\">500 mg<\/td>\n<\/tr>\n<\/tbody>\n<\/table>\n<\/div>\n<\/div>\n<hr data-start=\"1194\" data-end=\"1197\" \/>\n<h3 data-section-id=\"19gqssu\" data-start=\"1199\" data-end=\"1235\"><span role=\"text\"><strong data-start=\"1203\" data-end=\"1235\">Enthaltene funktionale Pilze<\/strong><\/span><\/h3>\n<ul data-start=\"1237\" data-end=\"1426\">\n<li data-section-id=\"f7xp1u\" data-start=\"1237\" data-end=\"1284\">\ud83c\udf3f Bio <strong data-start=\"1246\" data-end=\"1282\">Lion\u2019s Mane (Hericium erinaceus)<\/strong><\/li>\n<li data-section-id=\"3d5i4x\" data-start=\"1285\" data-end=\"1331\">\ud83c\udf44 Bio <strong data-start=\"1294\" data-end=\"1329\">Reishi (Ganoderma lucidum s.l.)<\/strong><\/li>\n<li data-section-id=\"d0vg8a\" data-start=\"1332\" data-end=\"1380\">\ud83c\udf44 Bio <strong data-start=\"1341\" data-end=\"1378\">Turkey Tail (Trametes versicolor)<\/strong><\/li>\n<li data-section-id=\"8t4mkw\" data-start=\"1381\" data-end=\"1426\">\u26a1 Bio <strong data-start=\"1389\" data-end=\"1424\">Cordyceps (Cordyceps militaris)<\/strong><\/li>\n<\/ul>\n<hr data-start=\"1428\" data-end=\"1431\" \/>\n<h3 data-section-id=\"74ydh5\" data-start=\"1433\" data-end=\"1458\"><span role=\"text\"><strong data-start=\"1437\" data-end=\"1458\">Wichtiger Hinweis<\/strong><\/span><\/h3>\n<p data-start=\"1460\" data-end=\"1568\">Dieses Produkt enth\u00e4lt <strong data-start=\"1483\" data-end=\"1502\">kein Psilocybin<\/strong>. Es handelt sich um einen <strong data-start=\"1529\" data-end=\"1565\">Amanita-Nahrungserg\u00e4nzungsriegel<\/strong>.<\/p>\n<hr data-start=\"1570\" data-end=\"1573\" \/>\n<h3 data-section-id=\"358g50\" data-start=\"1575\" data-end=\"1601\"><span role=\"text\"><strong data-start=\"1579\" data-end=\"1601\">Haftungsausschluss<\/strong><\/span><\/h3>\n<p data-start=\"1603\" data-end=\"1792\">Dieses Produkt wurde nicht von der Food and Drug Administration (FDA) bewertet. Es ist <strong data-start=\"1690\" data-end=\"1789\">nicht dazu bestimmt, Krankheiten zu diagnostizieren, zu behandeln, zu heilen oder zu verhindern<\/strong>.<\/p>\n<hr data-start=\"1794\" data-end=\"1797\" \/>\n<h3 data-section-id=\"1akavms\" data-start=\"1799\" data-end=\"1825\"><span role=\"text\"><strong data-start=\"1803\" data-end=\"1825\">Sicherheitshinweis<\/strong><\/span><\/h3>\n<p data-start=\"1827\" data-end=\"1891\" data-is-last-node=\"\" data-is-only-node=\"\">Au\u00dferhalb der Reichweite von Kindern und Haustieren aufbewahren.<\/p>","protected":false},"excerpt":{"rendered":"<p>Hergestellt aus hochwertiger belgischer Milchschokoladen-Kuvert\u00fcre \u00fcberzeugt dieser klassische Schokoriegel mit einem <strong data-start=\"226\" data-end=\"257\">reichen, cremigen Geschmack<\/strong> und einer besonders zarten Textur. Die einfachen, nat\u00fcrlichen Zutaten machen ihn zu einem zeitlosen Genuss.<\/p>","protected":false},"featured_media":15778,"comment_status":"open","ping_status":"closed","template":"","meta":[],"product_brand":[],"product_cat":[83],"product_tag":[],"class_list":{"0":"post-16330","1":"product","2":"type-product","3":"status-publish","4":"has-post-thumbnail","6":"product_cat-pilz-schokoriegel","8":"first","9":"instock","10":"shipping-taxable","11":"purchasable","12":"product-type-simple"},"yoast_head":"<!-- This site is optimized with the Yoast SEO Premium plugin v26.1 (Yoast SEO v27.5) - https:\/\/yoast.com\/product\/yoast-seo-premium-wordpress\/ -->\n<title>Polka-A-Dot Schokolade | Der Original Schokoriegel | 5 Gramm &#8211; Premium THC Store<\/title>\n<meta name=\"robots\" content=\"index, follow, max-snippet:-1, max-image-preview:large, max-video-preview:-1\" \/>\n<link rel=\"canonical\" href=\"https:\/\/premiumthcstore.de\/de\/produkt\/polka-a-dot-schokolade-der-original-schokoriegel-5-gramm\/\" \/>\n<meta property=\"og:locale\" content=\"de_DE\" \/>\n<meta property=\"og:type\" content=\"article\" \/>\n<meta property=\"og:title\" content=\"Polka-A-Dot Schokolade | Der Original Schokoriegel | 5 Gramm\" \/>\n<meta property=\"og:description\" content=\"Hergestellt aus hochwertiger belgischer Milchschokoladen-Kuvert\u00fcre \u00fcberzeugt dieser klassische Schokoriegel mit einem reichen, cremigen Geschmack und einer besonders zarten Textur. Die einfachen, nat\u00fcrlichen Zutaten machen ihn zu einem zeitlosen Genuss.\" \/>\n<meta property=\"og:url\" content=\"https:\/\/premiumthcstore.de\/de\/produkt\/polka-a-dot-schokolade-der-original-schokoriegel-5-gramm\/\" \/>\n<meta property=\"og:site_name\" content=\"Premium THC Store\" \/>\n<meta property=\"article:modified_time\" content=\"2026-05-07T02:32:17+00:00\" \/>\n<meta property=\"og:image\" content=\"https:\/\/premiumthcstore.de\/wp-content\/uploads\/2026\/05\/Pp06.jpg\" \/>\n\t<meta property=\"og:image:width\" content=\"495\" \/>\n\t<meta property=\"og:image:height\" content=\"550\" \/>\n\t<meta property=\"og:image:type\" content=\"image\/jpeg\" \/>\n<meta name=\"twitter:card\" content=\"summary_large_image\" \/>\n<meta name=\"twitter:label1\" content=\"Gesch\u00e4tzte Lesezeit\" \/>\n\t<meta name=\"twitter:data1\" content=\"1\u00a0Minute\" \/>\n<script type=\"application\/ld+json\" class=\"yoast-schema-graph\">{\"@context\":\"https:\\\/\\\/schema.org\",\"@graph\":[{\"@type\":\"WebPage\",\"@id\":\"https:\\\/\\\/premiumthcstore.de\\\/product\\\/polka-a-dot-schokolade-der-original-schokoriegel-5-gramm\\\/\",\"url\":\"https:\\\/\\\/premiumthcstore.de\\\/product\\\/polka-a-dot-schokolade-der-original-schokoriegel-5-gramm\\\/\",\"name\":\"Polka-A-Dot Schokolade | Der Original Schokoriegel | 5 Gramm &#8211; Premium THC Store\",\"isPartOf\":{\"@id\":\"https:\\\/\\\/premiumthcstore.de\\\/#website\"},\"primaryImageOfPage\":{\"@id\":\"https:\\\/\\\/premiumthcstore.de\\\/product\\\/polka-a-dot-schokolade-der-original-schokoriegel-5-gramm\\\/#primaryimage\"},\"image\":{\"@id\":\"https:\\\/\\\/premiumthcstore.de\\\/product\\\/polka-a-dot-schokolade-der-original-schokoriegel-5-gramm\\\/#primaryimage\"},\"thumbnailUrl\":\"https:\\\/\\\/premiumthcstore.de\\\/wp-content\\\/uploads\\\/2026\\\/05\\\/Pp06.jpg\",\"datePublished\":\"2026-05-07T02:32:16+00:00\",\"dateModified\":\"2026-05-07T02:32:17+00:00\",\"breadcrumb\":{\"@id\":\"https:\\\/\\\/premiumthcstore.de\\\/product\\\/polka-a-dot-schokolade-der-original-schokoriegel-5-gramm\\\/#breadcrumb\"},\"inLanguage\":\"de\",\"potentialAction\":[{\"@type\":\"ReadAction\",\"target\":[\"https:\\\/\\\/premiumthcstore.de\\\/product\\\/polka-a-dot-schokolade-der-original-schokoriegel-5-gramm\\\/\"]}]},{\"@type\":\"ImageObject\",\"inLanguage\":\"de\",\"@id\":\"https:\\\/\\\/premiumthcstore.de\\\/product\\\/polka-a-dot-schokolade-der-original-schokoriegel-5-gramm\\\/#primaryimage\",\"url\":\"https:\\\/\\\/premiumthcstore.de\\\/wp-content\\\/uploads\\\/2026\\\/05\\\/Pp06.jpg\",\"contentUrl\":\"https:\\\/\\\/premiumthcstore.de\\\/wp-content\\\/uploads\\\/2026\\\/05\\\/Pp06.jpg\",\"width\":495,\"height\":550},{\"@type\":\"BreadcrumbList\",\"@id\":\"https:\\\/\\\/premiumthcstore.de\\\/product\\\/polka-a-dot-schokolade-der-original-schokoriegel-5-gramm\\\/#breadcrumb\",\"itemListElement\":[{\"@type\":\"ListItem\",\"position\":1,\"name\":\"Home\",\"item\":\"https:\\\/\\\/premiumthcstore.de\\\/\"},{\"@type\":\"ListItem\",\"position\":2,\"name\":\"Shop\",\"item\":\"https:\\\/\\\/premiumthcstore.de\\\/einkaufen\\\/\"},{\"@type\":\"ListItem\",\"position\":3,\"name\":\"Polka-A-Dot Schokolade | Der Original Schokoriegel | 5 Gramm\"}]},{\"@type\":\"WebSite\",\"@id\":\"https:\\\/\\\/premiumthcstore.de\\\/#website\",\"url\":\"https:\\\/\\\/premiumthcstore.de\\\/\",\"name\":\"Premium THC Store\",\"description\":\"Premium THC Store \u2014 Wo Qualit\u00e4t auf das High Life trifft\",\"publisher\":{\"@id\":\"https:\\\/\\\/premiumthcstore.de\\\/#organization\"},\"alternateName\":\"Premium THC Shop\",\"potentialAction\":[{\"@type\":\"SearchAction\",\"target\":{\"@type\":\"EntryPoint\",\"urlTemplate\":\"https:\\\/\\\/premiumthcstore.de\\\/?s={search_term_string}\"},\"query-input\":{\"@type\":\"PropertyValueSpecification\",\"valueRequired\":true,\"valueName\":\"search_term_string\"}}],\"inLanguage\":\"de\"},{\"@type\":\"Organization\",\"@id\":\"https:\\\/\\\/premiumthcstore.de\\\/#organization\",\"name\":\"Premium THC Store\",\"alternateName\":\"Premium THC Shop\",\"url\":\"https:\\\/\\\/premiumthcstore.de\\\/\",\"logo\":{\"@type\":\"ImageObject\",\"inLanguage\":\"de\",\"@id\":\"https:\\\/\\\/premiumthcstore.de\\\/#\\\/schema\\\/logo\\\/image\\\/\",\"url\":\"http:\\\/\\\/premiumthcstore.de\\\/wp-content\\\/uploads\\\/2026\\\/05\\\/Black-Personal-Name-Initials-Typography-Logo-Design.png\",\"contentUrl\":\"http:\\\/\\\/premiumthcstore.de\\\/wp-content\\\/uploads\\\/2026\\\/05\\\/Black-Personal-Name-Initials-Typography-Logo-Design.png\",\"width\":500,\"height\":500,\"caption\":\"Premium THC Store\"},\"image\":{\"@id\":\"https:\\\/\\\/premiumthcstore.de\\\/#\\\/schema\\\/logo\\\/image\\\/\"}}]}<\/script>\n<!-- \/ Yoast SEO Premium plugin. -->","yoast_head_json":{"title":"Polka-A-Dot Schokolade | Der Original Schokoriegel | 5 Gramm &#8211; Premium THC Store","robots":{"index":"index","follow":"follow","max-snippet":"max-snippet:-1","max-image-preview":"max-image-preview:large","max-video-preview":"max-video-preview:-1"},"canonical":"https:\/\/premiumthcstore.de\/de\/produkt\/polka-a-dot-schokolade-der-original-schokoriegel-5-gramm\/","og_locale":"de_DE","og_type":"article","og_title":"Polka-A-Dot Schokolade | Der Original Schokoriegel | 5 Gramm","og_description":"Hergestellt aus hochwertiger belgischer Milchschokoladen-Kuvert\u00fcre \u00fcberzeugt dieser klassische Schokoriegel mit einem reichen, cremigen Geschmack und einer besonders zarten Textur. Die einfachen, nat\u00fcrlichen Zutaten machen ihn zu einem zeitlosen Genuss.","og_url":"https:\/\/premiumthcstore.de\/de\/produkt\/polka-a-dot-schokolade-der-original-schokoriegel-5-gramm\/","og_site_name":"Premium THC Store","article_modified_time":"2026-05-07T02:32:17+00:00","og_image":[{"width":495,"height":550,"url":"https:\/\/premiumthcstore.de\/wp-content\/uploads\/2026\/05\/Pp06.jpg","type":"image\/jpeg"}],"twitter_card":"summary_large_image","twitter_misc":{"Gesch\u00e4tzte Lesezeit":"1\u00a0Minute"},"schema":{"@context":"https:\/\/schema.org","@graph":[{"@type":"WebPage","@id":"https:\/\/premiumthcstore.de\/product\/polka-a-dot-schokolade-der-original-schokoriegel-5-gramm\/","url":"https:\/\/premiumthcstore.de\/product\/polka-a-dot-schokolade-der-original-schokoriegel-5-gramm\/","name":"Polka-A-Dot Schokolade | Der Original Schokoriegel | 5 Gramm &#8211; Premium THC Store","isPartOf":{"@id":"https:\/\/premiumthcstore.de\/#website"},"primaryImageOfPage":{"@id":"https:\/\/premiumthcstore.de\/product\/polka-a-dot-schokolade-der-original-schokoriegel-5-gramm\/#primaryimage"},"image":{"@id":"https:\/\/premiumthcstore.de\/product\/polka-a-dot-schokolade-der-original-schokoriegel-5-gramm\/#primaryimage"},"thumbnailUrl":"https:\/\/premiumthcstore.de\/wp-content\/uploads\/2026\/05\/Pp06.jpg","datePublished":"2026-05-07T02:32:16+00:00","dateModified":"2026-05-07T02:32:17+00:00","breadcrumb":{"@id":"https:\/\/premiumthcstore.de\/product\/polka-a-dot-schokolade-der-original-schokoriegel-5-gramm\/#breadcrumb"},"inLanguage":"de","potentialAction":[{"@type":"ReadAction","target":["https:\/\/premiumthcstore.de\/product\/polka-a-dot-schokolade-der-original-schokoriegel-5-gramm\/"]}]},{"@type":"ImageObject","inLanguage":"de","@id":"https:\/\/premiumthcstore.de\/product\/polka-a-dot-schokolade-der-original-schokoriegel-5-gramm\/#primaryimage","url":"https:\/\/premiumthcstore.de\/wp-content\/uploads\/2026\/05\/Pp06.jpg","contentUrl":"https:\/\/premiumthcstore.de\/wp-content\/uploads\/2026\/05\/Pp06.jpg","width":495,"height":550},{"@type":"BreadcrumbList","@id":"https:\/\/premiumthcstore.de\/product\/polka-a-dot-schokolade-der-original-schokoriegel-5-gramm\/#breadcrumb","itemListElement":[{"@type":"ListItem","position":1,"name":"Home","item":"https:\/\/premiumthcstore.de\/"},{"@type":"ListItem","position":2,"name":"Shop","item":"https:\/\/premiumthcstore.de\/einkaufen\/"},{"@type":"ListItem","position":3,"name":"Polka-A-Dot Schokolade | Der Original Schokoriegel | 5 Gramm"}]},{"@type":"WebSite","@id":"https:\/\/premiumthcstore.de\/#website","url":"https:\/\/premiumthcstore.de\/","name":"Premium THC Store","description":"Premium THC Store \u2014 Wo Qualit\u00e4t auf das High Life trifft","publisher":{"@id":"https:\/\/premiumthcstore.de\/#organization"},"alternateName":"Premium THC Shop","potentialAction":[{"@type":"SearchAction","target":{"@type":"EntryPoint","urlTemplate":"https:\/\/premiumthcstore.de\/?s={search_term_string}"},"query-input":{"@type":"PropertyValueSpecification","valueRequired":true,"valueName":"search_term_string"}}],"inLanguage":"de"},{"@type":"Organization","@id":"https:\/\/premiumthcstore.de\/#organization","name":"Premium THC Store","alternateName":"Premium THC Shop","url":"https:\/\/premiumthcstore.de\/","logo":{"@type":"ImageObject","inLanguage":"de","@id":"https:\/\/premiumthcstore.de\/#\/schema\/logo\/image\/","url":"http:\/\/premiumthcstore.de\/wp-content\/uploads\/2026\/05\/Black-Personal-Name-Initials-Typography-Logo-Design.png","contentUrl":"http:\/\/premiumthcstore.de\/wp-content\/uploads\/2026\/05\/Black-Personal-Name-Initials-Typography-Logo-Design.png","width":500,"height":500,"caption":"Premium THC Store"},"image":{"@id":"https:\/\/premiumthcstore.de\/#\/schema\/logo\/image\/"}}]}},"_links":{"self":[{"href":"https:\/\/premiumthcstore.de\/de\/wp-json\/wp\/v2\/product\/16330","targetHints":{"allow":["GET"]}}],"collection":[{"href":"https:\/\/premiumthcstore.de\/de\/wp-json\/wp\/v2\/product"}],"about":[{"href":"https:\/\/premiumthcstore.de\/de\/wp-json\/wp\/v2\/types\/product"}],"replies":[{"embeddable":true,"href":"https:\/\/premiumthcstore.de\/de\/wp-json\/wp\/v2\/comments?post=16330"}],"version-history":[{"count":1,"href":"https:\/\/premiumthcstore.de\/de\/wp-json\/wp\/v2\/product\/16330\/revisions"}],"predecessor-version":[{"id":16360,"href":"https:\/\/premiumthcstore.de\/de\/wp-json\/wp\/v2\/product\/16330\/revisions\/16360"}],"wp:featuredmedia":[{"embeddable":true,"href":"https:\/\/premiumthcstore.de\/de\/wp-json\/wp\/v2\/media\/15778"}],"wp:attachment":[{"href":"https:\/\/premiumthcstore.de\/de\/wp-json\/wp\/v2\/media?parent=16330"}],"wp:term":[{"taxonomy":"product_brand","embeddable":true,"href":"https:\/\/premiumthcstore.de\/de\/wp-json\/wp\/v2\/product_brand?post=16330"},{"taxonomy":"product_cat","embeddable":true,"href":"https:\/\/premiumthcstore.de\/de\/wp-json\/wp\/v2\/product_cat?post=16330"},{"taxonomy":"product_tag","embeddable":true,"href":"https:\/\/premiumthcstore.de\/de\/wp-json\/wp\/v2\/product_tag?post=16330"}],"curies":[{"name":"wp","href":"https:\/\/api.w.org\/{rel}","templated":true}]}}