{"id":16394,"date":"2026-05-07T02:32:21","date_gmt":"2026-05-07T02:32:21","guid":{"rendered":"https:\/\/premiumthcstore.de\/?post_type=product&#038;p=16394"},"modified":"2026-05-07T02:32:22","modified_gmt":"2026-05-07T02:32:22","slug":"purple-punch-1kg","status":"publish","type":"product","link":"https:\/\/premiumthcstore.de\/de\/product\/purple-punch-1kg\/","title":{"rendered":"Purple Punch | 1kg"},"content":{"rendered":"<p data-start=\"0\" data-end=\"35\"><strong data-start=\"0\" data-end=\"35\">Purple Punch \u2013 Premium THC Shop<\/strong><\/p>\n<p data-start=\"37\" data-end=\"346\">Purple Punch ist eine stark indica-dominierte Hybrid-Sorte (80% Indica), die f\u00fcr ihre intensive, beruhigende Wirkung und ihr s\u00fc\u00df-fruchtiges Aroma bekannt ist. Diese kraftvolle Kreuzung aus Larry OG und Granddaddy Purple bietet ein tief entspannendes Erlebnis \u2013 perfekt f\u00fcr ruhige Abende und erholsamen Schlaf.<\/p>\n<hr data-start=\"348\" data-end=\"351\" \/>\n<h3 data-section-id=\"bw2iix\" data-start=\"353\" data-end=\"377\"><span role=\"text\"><strong data-start=\"357\" data-end=\"377\">Produkt\u00fcbersicht<\/strong><\/span><\/h3>\n<div class=\"TyagGW_tableContainer\">\n<div class=\"group TyagGW_tableWrapper flex flex-col-reverse w-fit\" tabindex=\"-1\">\n<table class=\"w-fit min-w-(--thread-content-width)\" data-start=\"379\" data-end=\"922\">\n<thead data-start=\"379\" data-end=\"440\">\n<tr data-start=\"379\" data-end=\"440\">\n<th class=\"\" data-start=\"379\" data-end=\"404\" data-col-size=\"sm\">Eigenschaft<\/th>\n<th class=\"\" data-start=\"404\" data-end=\"440\" data-col-size=\"sm\">Details<\/th>\n<\/tr>\n<\/thead>\n<tbody data-start=\"501\" data-end=\"922\">\n<tr data-start=\"501\" data-end=\"561\">\n<td data-start=\"501\" data-end=\"525\" data-col-size=\"sm\">Typ<\/td>\n<td data-start=\"525\" data-end=\"561\" data-col-size=\"sm\">Hybrid (80% Indica \/ 20% Sativa)<\/td>\n<\/tr>\n<tr data-start=\"562\" data-end=\"621\">\n<td data-start=\"562\" data-end=\"586\" data-col-size=\"sm\">Dominantes Terpen<\/td>\n<td data-start=\"586\" data-end=\"621\" data-col-size=\"sm\">Geraniol (0,21 %)<\/td>\n<\/tr>\n<tr data-start=\"622\" data-end=\"681\">\n<td data-start=\"622\" data-end=\"646\" data-col-size=\"sm\">THC-Gehalt<\/td>\n<td data-col-size=\"sm\" data-start=\"646\" data-end=\"681\">19,12 \u2013 20,52 %<\/td>\n<\/tr>\n<tr data-start=\"682\" data-end=\"741\">\n<td data-start=\"682\" data-end=\"706\" data-col-size=\"sm\">CBD-Gehalt<\/td>\n<td data-start=\"706\" data-end=\"741\" data-col-size=\"sm\">0,64 \u2013 5,56 %<\/td>\n<\/tr>\n<tr data-start=\"742\" data-end=\"801\">\n<td data-start=\"742\" data-end=\"766\" data-col-size=\"sm\">CBG-Gehalt<\/td>\n<td data-col-size=\"sm\" data-start=\"766\" data-end=\"801\">0,25 \u2013 0,62 %<\/td>\n<\/tr>\n<tr data-start=\"802\" data-end=\"861\">\n<td data-start=\"802\" data-end=\"826\" data-col-size=\"sm\">Geschmack<\/td>\n<td data-start=\"826\" data-end=\"861\" data-col-size=\"sm\">S\u00fc\u00df, Traube, fruchtig<\/td>\n<\/tr>\n<tr data-start=\"862\" data-end=\"922\">\n<td data-start=\"862\" data-end=\"886\" data-col-size=\"sm\">Wirkung<\/td>\n<td data-start=\"886\" data-end=\"922\" data-col-size=\"sm\">Tief entspannend, beruhigend<\/td>\n<\/tr>\n<\/tbody>\n<\/table>\n<\/div>\n<\/div>\n<hr data-start=\"924\" data-end=\"927\" \/>\n<h3 data-section-id=\"kra2ha\" data-start=\"929\" data-end=\"954\"><span role=\"text\"><strong data-start=\"933\" data-end=\"954\">Aroma &amp; Geschmack<\/strong><\/span><\/h3>\n<p data-start=\"956\" data-end=\"1065\">Purple Punch \u00fcberzeugt mit einem intensiven, fruchtigen Duftprofil, das stark an Trauben und Beeren erinnert.<\/p>\n<p data-start=\"1067\" data-end=\"1088\"><strong data-start=\"1067\" data-end=\"1088\">Geschmacksprofil:<\/strong><\/p>\n<ul data-start=\"1089\" data-end=\"1178\">\n<li data-section-id=\"zf0n46\" data-start=\"1089\" data-end=\"1105\">S\u00fc\u00dfe Trauben<\/li>\n<li data-section-id=\"1o8bcoa\" data-start=\"1106\" data-end=\"1141\">Beeren (insbesondere Blaubeere)<\/li>\n<li data-section-id=\"b35bvs\" data-start=\"1142\" data-end=\"1178\">Fruchtige &amp; leicht cremige Noten<\/li>\n<\/ul>\n<p data-start=\"1180\" data-end=\"1266\">Der Rauch ist besonders weich und angenehm \u2013 ein echtes Dessert-Erlebnis f\u00fcr Genie\u00dfer.<\/p>\n<hr data-start=\"1268\" data-end=\"1271\" \/>\n<h3 data-section-id=\"mugcyp\" data-start=\"1273\" data-end=\"1297\"><span role=\"text\"><strong data-start=\"1277\" data-end=\"1297\">Wirkung &amp; Potenz<\/strong><\/span><\/h3>\n<p data-start=\"1299\" data-end=\"1445\">Mit einem THC-Gehalt von bis zu 20,5 % liefert Purple Punch ein stark sedierendes High, das schnell einsetzt und sich im ganzen K\u00f6rper ausbreitet.<\/p>\n<p data-start=\"1447\" data-end=\"1468\"><strong data-start=\"1447\" data-end=\"1468\">Typische Effekte:<\/strong><\/p>\n<ul data-start=\"1469\" data-end=\"1594\">\n<li data-section-id=\"1jdvq8h\" data-start=\"1469\" data-end=\"1502\">Tiefe k\u00f6rperliche Entspannung<\/li>\n<li data-section-id=\"ndhpq7\" data-start=\"1503\" data-end=\"1532\">M\u00fcdigkeit &amp; Schl\u00e4frigkeit<\/li>\n<li data-section-id=\"xdfdnh\" data-start=\"1533\" data-end=\"1550\">Gl\u00fccksgef\u00fchle<\/li>\n<li data-section-id=\"1v51fp2\" data-start=\"1551\" data-end=\"1572\">Leichtes Kribbeln<\/li>\n<li data-section-id=\"1ndy6b6\" data-start=\"1573\" data-end=\"1594\">Kreative Gedanken<\/li>\n<\/ul>\n<p data-start=\"1596\" data-end=\"1671\">Diese Sorte eignet sich besonders f\u00fcr den Abend oder vor dem Schlafengehen.<\/p>\n<p data-start=\"1673\" data-end=\"1757\"><strong data-start=\"1673\" data-end=\"1685\">Hinweis:<\/strong><br data-start=\"1685\" data-end=\"1688\" \/>Aufgrund der starken Wirkung eher f\u00fcr erfahrene Konsumenten geeignet.<\/p>\n<p data-start=\"1759\" data-end=\"1787\"><strong data-start=\"1759\" data-end=\"1787\">M\u00f6gliche Nebenwirkungen:<\/strong><\/p>\n<ul data-start=\"1788\" data-end=\"1838\">\n<li data-section-id=\"134huin\" data-start=\"1788\" data-end=\"1806\">Trockene Augen<\/li>\n<li data-section-id=\"vxw3gt\" data-start=\"1807\" data-end=\"1820\">Schwindel<\/li>\n<li data-section-id=\"pglht5\" data-start=\"1821\" data-end=\"1838\">Kopfschmerzen<\/li>\n<\/ul>\n<hr data-start=\"1840\" data-end=\"1843\" \/>\n<h3 data-section-id=\"163lqf\" data-start=\"1845\" data-end=\"1876\"><span role=\"text\"><strong data-start=\"1849\" data-end=\"1876\">Medizinisches Potenzial<\/strong><\/span><\/h3>\n<p data-start=\"1878\" data-end=\"1977\">Purple Punch wird h\u00e4ufig zur Unterst\u00fctzung bei k\u00f6rperlichen und psychischen Beschwerden eingesetzt:<\/p>\n<ul data-start=\"1979\" data-end=\"2122\">\n<li data-section-id=\"j7yvh3\" data-start=\"1979\" data-end=\"2003\">Chronische Schmerzen<\/li>\n<li data-section-id=\"1fb7ru\" data-start=\"2004\" data-end=\"2034\">Schlafst\u00f6rungen (Insomnie)<\/li>\n<li data-section-id=\"1kb316a\" data-start=\"2035\" data-end=\"2061\">Stress &amp; Angstzust\u00e4nde<\/li>\n<li data-section-id=\"l3khxp\" data-start=\"2062\" data-end=\"2078\">Depressionen<\/li>\n<li data-section-id=\"1bfisto\" data-start=\"2079\" data-end=\"2091\">\u00dcbelkeit<\/li>\n<li data-section-id=\"3l7mhn\" data-start=\"2092\" data-end=\"2100\">PTSD<\/li>\n<li data-section-id=\"1uqhltu\" data-start=\"2101\" data-end=\"2122\">Multiple Sklerose<\/li>\n<\/ul>\n<hr data-start=\"2124\" data-end=\"2127\" \/>\n<h3 data-section-id=\"49o9bs\" data-start=\"2129\" data-end=\"2155\"><span role=\"text\"><strong data-start=\"2133\" data-end=\"2155\">Anbauinformationen<\/strong><\/span><\/h3>\n<p data-start=\"2157\" data-end=\"2269\">Purple Punch ist relativ einfach anzubauen und liefert hohe Ertr\u00e4ge \u2013 ideal f\u00fcr Einsteiger und erfahrene Grower.<\/p>\n<div class=\"TyagGW_tableContainer\">\n<div class=\"group TyagGW_tableWrapper flex flex-col-reverse w-fit\" tabindex=\"-1\">\n<table class=\"w-fit min-w-(--thread-content-width)\" data-start=\"2271\" data-end=\"2735\">\n<thead data-start=\"2271\" data-end=\"2329\">\n<tr data-start=\"2271\" data-end=\"2329\">\n<th class=\"\" data-start=\"2271\" data-end=\"2293\" data-col-size=\"sm\">Faktor<\/th>\n<th class=\"\" data-start=\"2293\" data-end=\"2329\" data-col-size=\"sm\">Details<\/th>\n<\/tr>\n<\/thead>\n<tbody data-start=\"2388\" data-end=\"2735\">\n<tr data-start=\"2388\" data-end=\"2445\">\n<td data-start=\"2388\" data-end=\"2410\" data-col-size=\"sm\">Schwierigkeitsgrad<\/td>\n<td data-start=\"2410\" data-end=\"2445\" data-col-size=\"sm\">Mittel<\/td>\n<\/tr>\n<tr data-start=\"2446\" data-end=\"2503\">\n<td data-start=\"2446\" data-end=\"2468\" data-col-size=\"sm\">Bl\u00fctezeit<\/td>\n<td data-start=\"2468\" data-end=\"2503\" data-col-size=\"sm\">7 \u2013 8 Wochen<\/td>\n<\/tr>\n<tr data-start=\"2504\" data-end=\"2561\">\n<td data-start=\"2504\" data-end=\"2526\" data-col-size=\"sm\">Ertrag<\/td>\n<td data-col-size=\"sm\" data-start=\"2526\" data-end=\"2561\">ca. 550 \u2013 650 g\/m\u00b2<\/td>\n<\/tr>\n<tr data-start=\"2562\" data-end=\"2619\">\n<td data-start=\"2562\" data-end=\"2584\" data-col-size=\"sm\">Pflanzenh\u00f6he<\/td>\n<td data-start=\"2584\" data-end=\"2619\" data-col-size=\"sm\">Mittel<\/td>\n<\/tr>\n<tr data-start=\"2620\" data-end=\"2677\">\n<td data-start=\"2620\" data-end=\"2642\" data-col-size=\"sm\">Anbau<\/td>\n<td data-start=\"2642\" data-end=\"2677\" data-col-size=\"sm\">Indoor &amp; Outdoor m\u00f6glich<\/td>\n<\/tr>\n<tr data-start=\"2678\" data-end=\"2735\">\n<td data-start=\"2678\" data-end=\"2700\" data-col-size=\"sm\">Bl\u00fctetyp<\/td>\n<td data-start=\"2700\" data-end=\"2735\" data-col-size=\"sm\">Feminisiert<\/td>\n<\/tr>\n<\/tbody>\n<\/table>\n<\/div>\n<\/div>","protected":false},"excerpt":{"rendered":"<p>Purple Punch \u2013 Premium THC Shop Purple Punch ist eine stark indica-dominierte Hybrid-Sorte (80% Indica), die f\u00fcr ihre intensive, beruhigende<\/p>","protected":false},"featured_media":15890,"comment_status":"open","ping_status":"closed","template":"","meta":[],"product_brand":[],"product_cat":[81],"product_tag":[],"class_list":{"0":"post-16394","1":"product","2":"type-product","3":"status-publish","4":"has-post-thumbnail","6":"product_cat-gras","8":"first","9":"instock","10":"shipping-taxable","11":"purchasable","12":"product-type-simple"},"_links":{"self":[{"href":"https:\/\/premiumthcstore.de\/de\/wp-json\/wp\/v2\/product\/16394","targetHints":{"allow":["GET"]}}],"collection":[{"href":"https:\/\/premiumthcstore.de\/de\/wp-json\/wp\/v2\/product"}],"about":[{"href":"https:\/\/premiumthcstore.de\/de\/wp-json\/wp\/v2\/types\/product"}],"replies":[{"embeddable":true,"href":"https:\/\/premiumthcstore.de\/de\/wp-json\/wp\/v2\/comments?post=16394"}],"version-history":[{"count":1,"href":"https:\/\/premiumthcstore.de\/de\/wp-json\/wp\/v2\/product\/16394\/revisions"}],"predecessor-version":[{"id":16424,"href":"https:\/\/premiumthcstore.de\/de\/wp-json\/wp\/v2\/product\/16394\/revisions\/16424"}],"wp:featuredmedia":[{"embeddable":true,"href":"https:\/\/premiumthcstore.de\/de\/wp-json\/wp\/v2\/media\/15890"}],"wp:attachment":[{"href":"https:\/\/premiumthcstore.de\/de\/wp-json\/wp\/v2\/media?parent=16394"}],"wp:term":[{"taxonomy":"product_brand","embeddable":true,"href":"https:\/\/premiumthcstore.de\/de\/wp-json\/wp\/v2\/product_brand?post=16394"},{"taxonomy":"product_cat","embeddable":true,"href":"https:\/\/premiumthcstore.de\/de\/wp-json\/wp\/v2\/product_cat?post=16394"},{"taxonomy":"product_tag","embeddable":true,"href":"https:\/\/premiumthcstore.de\/de\/wp-json\/wp\/v2\/product_tag?post=16394"}],"curies":[{"name":"wp","href":"https:\/\/api.w.org\/{rel}","templated":true}]}}