{"id":16395,"date":"2026-05-07T02:32:21","date_gmt":"2026-05-07T02:32:21","guid":{"rendered":"https:\/\/premiumthcstore.de\/?post_type=product&#038;p=16395"},"modified":"2026-05-07T02:32:25","modified_gmt":"2026-05-07T02:32:25","slug":"ak-47","status":"publish","type":"product","link":"https:\/\/premiumthcstore.de\/de\/product\/ak-47\/","title":{"rendered":"AK-47"},"content":{"rendered":"<p data-start=\"0\" data-end=\"28\"><strong data-start=\"0\" data-end=\"28\">AK-47 \u2013 Premium THC Shop<\/strong><\/p>\n<p data-start=\"30\" data-end=\"336\">AK-47 ist eine vielfach ausgezeichnete, sativadominierte Hybrid-Sorte (90\/10), die f\u00fcr ihre ausgewogene Kombination aus starker Wirkung und sanfter Entspannung bekannt ist. Trotz ihres intensiven Namens \u00fcberzeugt diese Sorte mit einem angenehmen, langanhaltenden High und vielseitigen Einsatzm\u00f6glichkeiten.<\/p>\n<hr data-start=\"338\" data-end=\"341\" \/>\n<h3 data-section-id=\"bw2iix\" data-start=\"343\" data-end=\"367\"><span role=\"text\"><strong data-start=\"347\" data-end=\"367\">Produkt\u00fcbersicht<\/strong><\/span><\/h3>\n<div class=\"TyagGW_tableContainer\">\n<div class=\"group TyagGW_tableWrapper flex flex-col-reverse w-fit\" tabindex=\"-1\">\n<table class=\"w-fit min-w-(--thread-content-width)\" data-start=\"369\" data-end=\"912\">\n<thead data-start=\"369\" data-end=\"430\">\n<tr data-start=\"369\" data-end=\"430\">\n<th class=\"\" data-start=\"369\" data-end=\"394\" data-col-size=\"sm\">Eigenschaft<\/th>\n<th class=\"\" data-start=\"394\" data-end=\"430\" data-col-size=\"sm\">Details<\/th>\n<\/tr>\n<\/thead>\n<tbody data-start=\"491\" data-end=\"912\">\n<tr data-start=\"491\" data-end=\"551\">\n<td data-start=\"491\" data-end=\"515\" data-col-size=\"sm\">Typ<\/td>\n<td data-start=\"515\" data-end=\"551\" data-col-size=\"sm\">Hybrid (90% Sativa \/ 10% Indica)<\/td>\n<\/tr>\n<tr data-start=\"552\" data-end=\"611\">\n<td data-start=\"552\" data-end=\"576\" data-col-size=\"sm\">Cannabinoid<\/td>\n<td data-start=\"576\" data-end=\"611\" data-col-size=\"sm\">THC-dominant<\/td>\n<\/tr>\n<tr data-start=\"612\" data-end=\"671\">\n<td data-start=\"612\" data-end=\"636\" data-col-size=\"sm\">THC-Gehalt<\/td>\n<td data-start=\"636\" data-end=\"671\" data-col-size=\"sm\">17,6 \u2013 21,2 %<\/td>\n<\/tr>\n<tr data-start=\"672\" data-end=\"731\">\n<td data-start=\"672\" data-end=\"696\" data-col-size=\"sm\">CBD-Gehalt<\/td>\n<td data-start=\"696\" data-end=\"731\" data-col-size=\"sm\">0,52 \u2013 0,74 %<\/td>\n<\/tr>\n<tr data-start=\"732\" data-end=\"791\">\n<td data-start=\"732\" data-end=\"756\" data-col-size=\"sm\">Geschmack<\/td>\n<td data-start=\"756\" data-end=\"791\" data-col-size=\"sm\">W\u00fcrzig, herbal, erdig<\/td>\n<\/tr>\n<tr data-start=\"792\" data-end=\"852\">\n<td data-start=\"792\" data-end=\"816\" data-col-size=\"sm\">Wirkung<\/td>\n<td data-start=\"816\" data-end=\"852\" data-col-size=\"sm\">Euphorisch, kreativ, entspannend<\/td>\n<\/tr>\n<tr data-start=\"853\" data-end=\"912\">\n<td data-start=\"853\" data-end=\"877\" data-col-size=\"sm\">Nebenwirkungen<\/td>\n<td data-col-size=\"sm\" data-start=\"877\" data-end=\"912\">M\u00fcdigkeit<\/td>\n<\/tr>\n<\/tbody>\n<\/table>\n<\/div>\n<\/div>\n<hr data-start=\"914\" data-end=\"917\" \/>\n<h3 data-section-id=\"kra2ha\" data-start=\"919\" data-end=\"944\"><span role=\"text\"><strong data-start=\"923\" data-end=\"944\">Aroma &amp; Geschmack<\/strong><\/span><\/h3>\n<p data-start=\"946\" data-end=\"1060\">AK-47 bietet ein komplexes und ausgewogenes Aroma mit einer Mischung aus s\u00fc\u00dfen, erdigen und leicht blumigen Noten.<\/p>\n<p data-start=\"1062\" data-end=\"1083\"><strong data-start=\"1062\" data-end=\"1083\">Geschmacksprofil:<\/strong><\/p>\n<ul data-start=\"1084\" data-end=\"1205\">\n<li data-section-id=\"1qcy0g1\" data-start=\"1084\" data-end=\"1109\">W\u00fcrzig &amp; kr\u00e4uterartig<\/li>\n<li data-section-id=\"t6c5wp\" data-start=\"1110\" data-end=\"1140\">Erdige und holzige Nuancen<\/li>\n<li data-section-id=\"y63ptb\" data-start=\"1141\" data-end=\"1177\">Leicht blumige und saure Akzente<\/li>\n<li data-section-id=\"1vc9clv\" data-start=\"1178\" data-end=\"1205\">Dezenter Skunk-Unterton<\/li>\n<\/ul>\n<p data-start=\"1207\" data-end=\"1229\"><strong data-start=\"1207\" data-end=\"1229\">Dominante Terpene:<\/strong><\/p>\n<ul data-start=\"1230\" data-end=\"1279\">\n<li data-section-id=\"1qk5nfo\" data-start=\"1230\" data-end=\"1246\">Caryophyllen<\/li>\n<li data-section-id=\"qxc91i\" data-start=\"1247\" data-end=\"1257\">Myrcen<\/li>\n<li data-section-id=\"7jj1pv\" data-start=\"1258\" data-end=\"1267\">Caren<\/li>\n<li data-section-id=\"1smtq16\" data-start=\"1268\" data-end=\"1279\">Limonen<\/li>\n<\/ul>\n<p data-start=\"1281\" data-end=\"1315\"><strong data-start=\"1281\" data-end=\"1304\">Gesamtterpengehalt:<\/strong> ca. 1,00 %<\/p>\n<hr data-start=\"1317\" data-end=\"1320\" \/>\n<h3 data-section-id=\"mugcyp\" data-start=\"1322\" data-end=\"1346\"><span role=\"text\"><strong data-start=\"1326\" data-end=\"1346\">Wirkung &amp; Potenz<\/strong><\/span><\/h3>\n<p data-start=\"1348\" data-end=\"1472\">AK-47 liefert ein kraftvolles, aber gut ausbalanciertes High, das sowohl den Geist stimuliert als auch den K\u00f6rper entspannt.<\/p>\n<p data-start=\"1474\" data-end=\"1495\"><strong data-start=\"1474\" data-end=\"1495\">Typische Effekte:<\/strong><\/p>\n<ul data-start=\"1496\" data-end=\"1626\">\n<li data-section-id=\"1pw6839\" data-start=\"1496\" data-end=\"1530\">Euphorie &amp; Stimmungsaufhellung<\/li>\n<li data-section-id=\"1nr67ld\" data-start=\"1531\" data-end=\"1554\">Kreativit\u00e4t &amp; Fokus<\/li>\n<li data-section-id=\"18ez94g\" data-start=\"1555\" data-end=\"1590\">Leichte k\u00f6rperliche Entspannung<\/li>\n<li data-section-id=\"oauhjx\" data-start=\"1591\" data-end=\"1626\">Verbesserte soziale Interaktion<\/li>\n<\/ul>\n<p data-start=\"1628\" data-end=\"1742\">Die Wirkung setzt schnell ein und h\u00e4lt lange an, wodurch sie sowohl tags\u00fcber als auch abends genossen werden kann.<\/p>\n<p data-start=\"1744\" data-end=\"1772\"><strong data-start=\"1744\" data-end=\"1772\">M\u00f6gliche Nebenwirkungen:<\/strong><\/p>\n<ul data-start=\"1773\" data-end=\"1859\">\n<li data-section-id=\"1wnnkao\" data-start=\"1773\" data-end=\"1786\">M\u00fcdigkeit<\/li>\n<li data-section-id=\"vxw3gt\" data-start=\"1787\" data-end=\"1800\">Schwindel<\/li>\n<li data-section-id=\"mur854\" data-start=\"1801\" data-end=\"1841\">Paranoia (bei empfindlichen Nutzern)<\/li>\n<li data-section-id=\"pglht5\" data-start=\"1842\" data-end=\"1859\">Kopfschmerzen<\/li>\n<\/ul>\n<hr data-start=\"1861\" data-end=\"1864\" \/>\n<h3 data-section-id=\"17mmarl\" data-start=\"1866\" data-end=\"1892\"><span role=\"text\"><strong data-start=\"1870\" data-end=\"1892\">Cannabinoid-Profil<\/strong><\/span><\/h3>\n<div class=\"TyagGW_tableContainer\">\n<div class=\"group TyagGW_tableWrapper flex flex-col-reverse w-fit\" tabindex=\"-1\">\n<table class=\"w-fit min-w-(--thread-content-width)\" data-start=\"1894\" data-end=\"2167\">\n<thead data-start=\"1894\" data-end=\"1929\">\n<tr data-start=\"1894\" data-end=\"1929\">\n<th class=\"\" data-start=\"1894\" data-end=\"1908\" data-col-size=\"sm\">Cannabinoid<\/th>\n<th class=\"\" data-start=\"1908\" data-end=\"1929\" data-col-size=\"sm\">Gehalt<\/th>\n<\/tr>\n<\/thead>\n<tbody data-start=\"1964\" data-end=\"2167\">\n<tr data-start=\"1964\" data-end=\"1997\">\n<td data-start=\"1964\" data-end=\"1977\" data-col-size=\"sm\">THC<\/td>\n<td data-col-size=\"sm\" data-start=\"1977\" data-end=\"1997\">17,6 \u2013 21,2 %<\/td>\n<\/tr>\n<tr data-start=\"1998\" data-end=\"2031\">\n<td data-start=\"1998\" data-end=\"2011\" data-col-size=\"sm\">CBD<\/td>\n<td data-col-size=\"sm\" data-start=\"2011\" data-end=\"2031\">0,52 \u2013 0,74 %<\/td>\n<\/tr>\n<tr data-start=\"2032\" data-end=\"2065\">\n<td data-start=\"2032\" data-end=\"2045\" data-col-size=\"sm\">CBC<\/td>\n<td data-start=\"2045\" data-end=\"2065\" data-col-size=\"sm\">0,3 \u2013 1,15 %<\/td>\n<\/tr>\n<tr data-start=\"2066\" data-end=\"2099\">\n<td data-start=\"2066\" data-end=\"2079\" data-col-size=\"sm\">CBG<\/td>\n<td data-start=\"2079\" data-end=\"2099\" data-col-size=\"sm\">0,35 \u2013 1,78 %<\/td>\n<\/tr>\n<tr data-start=\"2100\" data-end=\"2133\">\n<td data-start=\"2100\" data-end=\"2113\" data-col-size=\"sm\">CBN<\/td>\n<td data-col-size=\"sm\" data-start=\"2113\" data-end=\"2133\">0,17 \u2013 0,26 %<\/td>\n<\/tr>\n<tr data-start=\"2134\" data-end=\"2167\">\n<td data-start=\"2134\" data-end=\"2147\" data-col-size=\"sm\">THCV<\/td>\n<td data-col-size=\"sm\" data-start=\"2147\" data-end=\"2167\">0,29 \u2013 1,66 %<\/td>\n<\/tr>\n<\/tbody>\n<\/table>\n<\/div>\n<\/div>\n<hr data-start=\"2169\" data-end=\"2172\" \/>\n<h3 data-section-id=\"163lqf\" data-start=\"2174\" data-end=\"2205\"><span role=\"text\"><strong data-start=\"2178\" data-end=\"2205\">Medizinisches Potenzial<\/strong><\/span><\/h3>\n<p data-start=\"2207\" data-end=\"2284\">AK-47 wird h\u00e4ufig zur Unterst\u00fctzung bei verschiedenen Beschwerden eingesetzt:<\/p>\n<ul data-start=\"2286\" data-end=\"2413\">\n<li data-section-id=\"1kb316a\" data-start=\"2286\" data-end=\"2312\">Stress &amp; Angstzust\u00e4nde<\/li>\n<li data-section-id=\"l3khxp\" data-start=\"2313\" data-end=\"2329\">Depressionen<\/li>\n<li data-section-id=\"j7yvh3\" data-start=\"2330\" data-end=\"2354\">Chronische Schmerzen<\/li>\n<li data-section-id=\"pglht5\" data-start=\"2355\" data-end=\"2372\">Kopfschmerzen<\/li>\n<li data-section-id=\"13s3w1b\" data-start=\"2373\" data-end=\"2392\">Schlafst\u00f6rungen<\/li>\n<li data-section-id=\"z55zl4\" data-start=\"2393\" data-end=\"2413\">Appetitlosigkeit<\/li>\n<\/ul>\n<hr data-start=\"2415\" data-end=\"2418\" \/>\n<h3 data-section-id=\"49o9bs\" data-start=\"2420\" data-end=\"2446\"><span role=\"text\"><strong data-start=\"2424\" data-end=\"2446\">Anbauinformationen<\/strong><\/span><\/h3>\n<p data-start=\"2448\" data-end=\"2548\">Diese Sorte ist relativ einfach anzubauen, ben\u00f6tigt jedoch gute Bedingungen f\u00fcr optimale Ergebnisse.<\/p>\n<div class=\"TyagGW_tableContainer\">\n<div class=\"group TyagGW_tableWrapper flex flex-col-reverse w-fit\" tabindex=\"-1\">\n<table class=\"w-fit min-w-(--thread-content-width)\" data-start=\"2550\" data-end=\"3068\">\n<thead data-start=\"2550\" data-end=\"2608\">\n<tr data-start=\"2550\" data-end=\"2608\">\n<th class=\"\" data-start=\"2550\" data-end=\"2572\" data-col-size=\"sm\">Faktor<\/th>\n<th class=\"\" data-start=\"2572\" data-end=\"2608\" data-col-size=\"sm\">Details<\/th>\n<\/tr>\n<\/thead>\n<tbody data-start=\"2667\" data-end=\"3068\">\n<tr data-start=\"2667\" data-end=\"2724\">\n<td data-start=\"2667\" data-end=\"2689\" data-col-size=\"sm\">Schwierigkeitsgrad<\/td>\n<td data-start=\"2689\" data-end=\"2724\" data-col-size=\"sm\">Einfach bis Mittel<\/td>\n<\/tr>\n<tr data-start=\"2725\" data-end=\"2782\">\n<td data-start=\"2725\" data-end=\"2747\" data-col-size=\"sm\">Bl\u00fctezeit<\/td>\n<td data-col-size=\"sm\" data-start=\"2747\" data-end=\"2782\">47 \u2013 54 Tage<\/td>\n<\/tr>\n<tr data-start=\"2783\" data-end=\"2840\">\n<td data-start=\"2783\" data-end=\"2805\" data-col-size=\"sm\">Erntezeit<\/td>\n<td data-start=\"2805\" data-end=\"2840\" data-col-size=\"sm\">ca. 63 Tage<\/td>\n<\/tr>\n<tr data-start=\"2841\" data-end=\"2897\">\n<td data-start=\"2841\" data-end=\"2863\" data-col-size=\"sm\">Ertrag Indoor<\/td>\n<td data-start=\"2863\" data-end=\"2897\" data-col-size=\"sm\">ca. 300 g\/m\u00b2<\/td>\n<\/tr>\n<tr data-start=\"2898\" data-end=\"2954\">\n<td data-start=\"2898\" data-end=\"2920\" data-col-size=\"sm\">Ertrag Outdoor<\/td>\n<td data-start=\"2920\" data-end=\"2954\" data-col-size=\"sm\">ca. 400 g\/Pflanze<\/td>\n<\/tr>\n<tr data-start=\"2955\" data-end=\"3011\">\n<td data-start=\"2955\" data-end=\"2977\" data-col-size=\"sm\">H\u00f6he<\/td>\n<td data-start=\"2977\" data-end=\"3011\" data-col-size=\"sm\">30 \u2013 60 cm<\/td>\n<\/tr>\n<tr data-start=\"3012\" data-end=\"3068\">\n<td data-start=\"3012\" data-end=\"3034\" data-col-size=\"sm\">Bl\u00fctetyp<\/td>\n<td data-start=\"3034\" data-end=\"3068\" data-col-size=\"sm\">Autoflowering<\/td>\n<\/tr>\n<\/tbody>\n<\/table>\n<\/div>\n<\/div>\n<p data-start=\"3070\" data-end=\"3080\"><strong data-start=\"3070\" data-end=\"3080\">Tipps:<\/strong><\/p>\n<ul data-start=\"3081\" data-end=\"3223\">\n<li data-section-id=\"ta1zwh\" data-start=\"3081\" data-end=\"3135\">Gute Bel\u00fcftung ist wichtig (anf\u00e4llig f\u00fcr Schimmel)<\/li>\n<li data-section-id=\"zawkkh\" data-start=\"3136\" data-end=\"3180\">Viel Licht und frische Luft erforderlich<\/li>\n<li data-section-id=\"548rix\" data-start=\"3181\" data-end=\"3223\">Geeignet f\u00fcr Indoor- und Outdoor-Anbau<\/li>\n<\/ul>","protected":false},"excerpt":{"rendered":"<p>AK-47 \u2013 Premium THC Shop AK-47 ist eine vielfach ausgezeichnete, sativadominierte Hybrid-Sorte (90\/10), die f\u00fcr ihre ausgewogene Kombination aus starker<\/p>","protected":false},"featured_media":15892,"comment_status":"open","ping_status":"closed","template":"","meta":[],"product_brand":[],"product_cat":[81],"product_tag":[],"class_list":{"0":"post-16395","1":"product","2":"type-product","3":"status-publish","4":"has-post-thumbnail","6":"product_cat-gras","8":"first","9":"instock","10":"shipping-taxable","11":"purchasable","12":"product-type-variable"},"_links":{"self":[{"href":"https:\/\/premiumthcstore.de\/de\/wp-json\/wp\/v2\/product\/16395","targetHints":{"allow":["GET"]}}],"collection":[{"href":"https:\/\/premiumthcstore.de\/de\/wp-json\/wp\/v2\/product"}],"about":[{"href":"https:\/\/premiumthcstore.de\/de\/wp-json\/wp\/v2\/types\/product"}],"replies":[{"embeddable":true,"href":"https:\/\/premiumthcstore.de\/de\/wp-json\/wp\/v2\/comments?post=16395"}],"version-history":[{"count":1,"href":"https:\/\/premiumthcstore.de\/de\/wp-json\/wp\/v2\/product\/16395\/revisions"}],"predecessor-version":[{"id":16425,"href":"https:\/\/premiumthcstore.de\/de\/wp-json\/wp\/v2\/product\/16395\/revisions\/16425"}],"wp:featuredmedia":[{"embeddable":true,"href":"https:\/\/premiumthcstore.de\/de\/wp-json\/wp\/v2\/media\/15892"}],"wp:attachment":[{"href":"https:\/\/premiumthcstore.de\/de\/wp-json\/wp\/v2\/media?parent=16395"}],"wp:term":[{"taxonomy":"product_brand","embeddable":true,"href":"https:\/\/premiumthcstore.de\/de\/wp-json\/wp\/v2\/product_brand?post=16395"},{"taxonomy":"product_cat","embeddable":true,"href":"https:\/\/premiumthcstore.de\/de\/wp-json\/wp\/v2\/product_cat?post=16395"},{"taxonomy":"product_tag","embeddable":true,"href":"https:\/\/premiumthcstore.de\/de\/wp-json\/wp\/v2\/product_tag?post=16395"}],"curies":[{"name":"wp","href":"https:\/\/api.w.org\/{rel}","templated":true}]}}