{"id":16396,"date":"2026-05-07T02:32:21","date_gmt":"2026-05-07T02:32:21","guid":{"rendered":"https:\/\/premiumthcstore.de\/?post_type=product&#038;p=16396"},"modified":"2026-05-07T02:32:25","modified_gmt":"2026-05-07T02:32:25","slug":"bubba-kush","status":"publish","type":"product","link":"https:\/\/premiumthcstore.de\/de\/product\/bubba-kush\/","title":{"rendered":"Bubba Kush"},"content":{"rendered":"<p data-start=\"0\" data-end=\"33\"><strong data-start=\"0\" data-end=\"33\">Bubba Kush \u2013 Premium THC Shop<\/strong><\/p>\n<p data-start=\"35\" data-end=\"303\">Bubba Kush ist eine legend\u00e4re, stark indica-dominierte Hybrid-Sorte (90% Indica), die f\u00fcr ihre tief entspannende Wirkung und ihr klassisches, erdiges Aroma bekannt ist. Mit ihrer kraftvollen Wirkung ist sie die perfekte Wahl f\u00fcr ruhige Abende und maximale Entspannung.<\/p>\n<hr data-start=\"305\" data-end=\"308\" \/>\n<h3 data-section-id=\"bw2iix\" data-start=\"310\" data-end=\"334\"><span role=\"text\"><strong data-start=\"314\" data-end=\"334\">Produkt\u00fcbersicht<\/strong><\/span><\/h3>\n<div class=\"TyagGW_tableContainer\">\n<div class=\"group TyagGW_tableWrapper flex flex-col-reverse w-fit\" tabindex=\"-1\">\n<table class=\"w-fit min-w-(--thread-content-width)\" data-start=\"336\" data-end=\"879\">\n<thead data-start=\"336\" data-end=\"397\">\n<tr data-start=\"336\" data-end=\"397\">\n<th class=\"\" data-start=\"336\" data-end=\"361\" data-col-size=\"sm\">Eigenschaft<\/th>\n<th class=\"\" data-start=\"361\" data-end=\"397\" data-col-size=\"sm\">Details<\/th>\n<\/tr>\n<\/thead>\n<tbody data-start=\"458\" data-end=\"879\">\n<tr data-start=\"458\" data-end=\"518\">\n<td data-start=\"458\" data-end=\"482\" data-col-size=\"sm\">Typ<\/td>\n<td data-start=\"482\" data-end=\"518\" data-col-size=\"sm\">Hybrid (90% Indica \/ 10% Sativa)<\/td>\n<\/tr>\n<tr data-start=\"519\" data-end=\"578\">\n<td data-start=\"519\" data-end=\"543\" data-col-size=\"sm\">Dominantes Terpen<\/td>\n<td data-start=\"543\" data-end=\"578\" data-col-size=\"sm\">Camphen (0,19 %)<\/td>\n<\/tr>\n<tr data-start=\"579\" data-end=\"638\">\n<td data-start=\"579\" data-end=\"603\" data-col-size=\"sm\">THC-Gehalt<\/td>\n<td data-start=\"603\" data-end=\"638\" data-col-size=\"sm\">19,75 \u2013 21,5 %<\/td>\n<\/tr>\n<tr data-start=\"639\" data-end=\"698\">\n<td data-start=\"639\" data-end=\"663\" data-col-size=\"sm\">CBD-Gehalt<\/td>\n<td data-col-size=\"sm\" data-start=\"663\" data-end=\"698\">0,9 \u2013 1,05 %<\/td>\n<\/tr>\n<tr data-start=\"699\" data-end=\"758\">\n<td data-start=\"699\" data-end=\"723\" data-col-size=\"sm\">CBG-Gehalt<\/td>\n<td data-start=\"723\" data-end=\"758\" data-col-size=\"sm\">0,22 \u2013 1,34 %<\/td>\n<\/tr>\n<tr data-start=\"759\" data-end=\"818\">\n<td data-start=\"759\" data-end=\"783\" data-col-size=\"sm\">Geschmack<\/td>\n<td data-start=\"783\" data-end=\"818\" data-col-size=\"sm\">W\u00fcrzig, erdig, herbal<\/td>\n<\/tr>\n<tr data-start=\"819\" data-end=\"879\">\n<td data-start=\"819\" data-end=\"843\" data-col-size=\"sm\">Wirkung<\/td>\n<td data-start=\"843\" data-end=\"879\" data-col-size=\"sm\">Tief entspannend, beruhigend<\/td>\n<\/tr>\n<\/tbody>\n<\/table>\n<\/div>\n<\/div>\n<hr data-start=\"881\" data-end=\"884\" \/>\n<h3 data-section-id=\"kra2ha\" data-start=\"886\" data-end=\"911\"><span role=\"text\"><strong data-start=\"890\" data-end=\"911\">Aroma &amp; Geschmack<\/strong><\/span><\/h3>\n<p data-start=\"913\" data-end=\"1086\">Bubba Kush \u00fcberzeugt mit einem intensiven, klassischen Cannabis-Aroma. Die Duftnote ist gepr\u00e4gt von erdigen und w\u00fcrzigen Elementen mit einem \u00fcberraschenden Hauch von Kaffee.<\/p>\n<p data-start=\"1088\" data-end=\"1109\"><strong data-start=\"1088\" data-end=\"1109\">Geschmacksprofil:<\/strong><\/p>\n<ul data-start=\"1110\" data-end=\"1222\">\n<li data-section-id=\"112f88i\" data-start=\"1110\" data-end=\"1136\">Erdige &amp; holzige Noten<\/li>\n<li data-section-id=\"s26169\" data-start=\"1137\" data-end=\"1163\">W\u00fcrzig &amp; leicht scharf<\/li>\n<li data-section-id=\"8ujygf\" data-start=\"1164\" data-end=\"1184\">S\u00fc\u00dfliche Nuancen<\/li>\n<li data-section-id=\"vmvo3k\" data-start=\"1185\" data-end=\"1222\">Dezente Kaffee- und Kr\u00e4uteraromen<\/li>\n<\/ul>\n<p data-start=\"1224\" data-end=\"1246\"><strong data-start=\"1224\" data-end=\"1246\">Dominante Terpene:<\/strong><\/p>\n<ul data-start=\"1247\" data-end=\"1286\">\n<li data-section-id=\"qxc91i\" data-start=\"1247\" data-end=\"1257\">Myrcen<\/li>\n<li data-section-id=\"1smtq16\" data-start=\"1258\" data-end=\"1269\">Limonen<\/li>\n<li data-section-id=\"1qk5nfo\" data-start=\"1270\" data-end=\"1286\">Caryophyllen<\/li>\n<\/ul>\n<hr data-start=\"1288\" data-end=\"1291\" \/>\n<h3 data-section-id=\"mugcyp\" data-start=\"1293\" data-end=\"1317\"><span role=\"text\"><strong data-start=\"1297\" data-end=\"1317\">Wirkung &amp; Potenz<\/strong><\/span><\/h3>\n<p data-start=\"1319\" data-end=\"1496\">Die Wirkung von Bubba Kush setzt schnell ein und entfaltet ein starkes, k\u00f6rperbetontes High. Diese Sorte ist besonders f\u00fcr entspannte Abende oder vor dem Schlafengehen geeignet.<\/p>\n<p data-start=\"1498\" data-end=\"1519\"><strong data-start=\"1498\" data-end=\"1519\">Typische Effekte:<\/strong><\/p>\n<ul data-start=\"1520\" data-end=\"1633\">\n<li data-section-id=\"1jdvq8h\" data-start=\"1520\" data-end=\"1553\">Tiefe k\u00f6rperliche Entspannung<\/li>\n<li data-section-id=\"cuyr75\" data-start=\"1554\" data-end=\"1582\">Beruhigung &amp; Stressabbau<\/li>\n<li data-section-id=\"xdfdnh\" data-start=\"1583\" data-end=\"1600\">Gl\u00fccksgef\u00fchle<\/li>\n<li data-section-id=\"dd0bik\" data-start=\"1601\" data-end=\"1633\">Starker Appetit (\u201eMunchies\u201c)<\/li>\n<\/ul>\n<p data-start=\"1635\" data-end=\"1756\">Viele Konsumenten berichten davon, dass sie sich nach dem Konsum am liebsten hinlegen und vollst\u00e4ndig entspannen m\u00f6chten.<\/p>\n<p data-start=\"1758\" data-end=\"1786\"><strong data-start=\"1758\" data-end=\"1786\">M\u00f6gliche Nebenwirkungen:<\/strong><\/p>\n<ul data-start=\"1787\" data-end=\"1838\">\n<li data-section-id=\"8d0ef\" data-start=\"1787\" data-end=\"1805\">Trockener Mund<\/li>\n<li data-section-id=\"134huin\" data-start=\"1806\" data-end=\"1824\">Trockene Augen<\/li>\n<li data-section-id=\"1wnnkao\" data-start=\"1825\" data-end=\"1838\">M\u00fcdigkeit<\/li>\n<\/ul>\n<hr data-start=\"1840\" data-end=\"1843\" \/>\n<h3 data-section-id=\"163lqf\" data-start=\"1845\" data-end=\"1876\"><span role=\"text\"><strong data-start=\"1849\" data-end=\"1876\">Medizinisches Potenzial<\/strong><\/span><\/h3>\n<p data-start=\"1878\" data-end=\"1960\">Bubba Kush wird h\u00e4ufig zur Unterst\u00fctzung bei verschiedenen Beschwerden eingesetzt:<\/p>\n<ul data-start=\"1962\" data-end=\"2103\">\n<li data-section-id=\"j7yvh3\" data-start=\"1962\" data-end=\"1986\">Chronische Schmerzen<\/li>\n<li data-section-id=\"1inj0aa\" data-start=\"1987\" data-end=\"2000\">Arthritis<\/li>\n<li data-section-id=\"1fb7ru\" data-start=\"2001\" data-end=\"2031\">Schlafst\u00f6rungen (Insomnie)<\/li>\n<li data-section-id=\"1236mqj\" data-start=\"2032\" data-end=\"2057\">Stress &amp; Depressionen<\/li>\n<li data-section-id=\"1bfisto\" data-start=\"2058\" data-end=\"2070\">\u00dcbelkeit<\/li>\n<li data-section-id=\"z55zl4\" data-start=\"2071\" data-end=\"2091\">Appetitlosigkeit<\/li>\n<li data-section-id=\"ihm4k6\" data-start=\"2092\" data-end=\"2103\">Migr\u00e4ne<\/li>\n<\/ul>\n<hr data-start=\"2105\" data-end=\"2108\" \/>\n<h3 data-section-id=\"49o9bs\" data-start=\"2110\" data-end=\"2136\"><span role=\"text\"><strong data-start=\"2114\" data-end=\"2136\">Anbauinformationen<\/strong><\/span><\/h3>\n<p data-start=\"2138\" data-end=\"2204\">Diese Sorte ist pflegeleicht und daher auch f\u00fcr Anf\u00e4nger geeignet.<\/p>\n<div class=\"TyagGW_tableContainer\">\n<div class=\"group TyagGW_tableWrapper flex flex-col-reverse w-fit\" tabindex=\"-1\">\n<table class=\"w-fit min-w-(--thread-content-width)\" data-start=\"2206\" data-end=\"2670\">\n<thead data-start=\"2206\" data-end=\"2264\">\n<tr data-start=\"2206\" data-end=\"2264\">\n<th class=\"\" data-start=\"2206\" data-end=\"2228\" data-col-size=\"sm\">Faktor<\/th>\n<th class=\"\" data-start=\"2228\" data-end=\"2264\" data-col-size=\"sm\">Details<\/th>\n<\/tr>\n<\/thead>\n<tbody data-start=\"2323\" data-end=\"2670\">\n<tr data-start=\"2323\" data-end=\"2380\">\n<td data-start=\"2323\" data-end=\"2345\" data-col-size=\"sm\">Schwierigkeitsgrad<\/td>\n<td data-start=\"2345\" data-end=\"2380\" data-col-size=\"sm\">Einfach<\/td>\n<\/tr>\n<tr data-start=\"2381\" data-end=\"2438\">\n<td data-start=\"2381\" data-end=\"2403\" data-col-size=\"sm\">Bl\u00fctezeit<\/td>\n<td data-start=\"2403\" data-end=\"2438\" data-col-size=\"sm\">7 \u2013 9 Wochen<\/td>\n<\/tr>\n<tr data-start=\"2439\" data-end=\"2496\">\n<td data-start=\"2439\" data-end=\"2461\" data-col-size=\"sm\">Ertrag<\/td>\n<td data-start=\"2461\" data-end=\"2496\" data-col-size=\"sm\">ca. 300 \u2013 500 g\/m\u00b2<\/td>\n<\/tr>\n<tr data-start=\"2497\" data-end=\"2554\">\n<td data-start=\"2497\" data-end=\"2519\" data-col-size=\"sm\">Pflanzenh\u00f6he<\/td>\n<td data-start=\"2519\" data-end=\"2554\" data-col-size=\"sm\">Mittel<\/td>\n<\/tr>\n<tr data-start=\"2555\" data-end=\"2612\">\n<td data-start=\"2555\" data-end=\"2577\" data-col-size=\"sm\">Anbau<\/td>\n<td data-start=\"2577\" data-end=\"2612\" data-col-size=\"sm\">Indoor &amp; Outdoor m\u00f6glich<\/td>\n<\/tr>\n<tr data-start=\"2613\" data-end=\"2670\">\n<td data-start=\"2613\" data-end=\"2635\" data-col-size=\"sm\">Empfohlene Methode<\/td>\n<td data-start=\"2635\" data-end=\"2670\" data-col-size=\"sm\">Hydrokultur<\/td>\n<\/tr>\n<\/tbody>\n<\/table>\n<\/div>\n<\/div>\n<p data-start=\"2672\" data-end=\"2792\">Die Pflanze zeichnet sich durch ihre dunklen, breiten Bl\u00e4tter und dichten, harzigen Buds mit orangefarbenen H\u00e4rchen aus.<\/p>","protected":false},"excerpt":{"rendered":"<p>Bubba Kush \u2013 Premium THC Shop Bubba Kush ist eine legend\u00e4re, stark indica-dominierte Hybrid-Sorte (90% Indica), die f\u00fcr ihre tief<\/p>","protected":false},"featured_media":15896,"comment_status":"open","ping_status":"closed","template":"","meta":[],"product_brand":[],"product_cat":[81],"product_tag":[],"class_list":{"0":"post-16396","1":"product","2":"type-product","3":"status-publish","4":"has-post-thumbnail","6":"product_cat-gras","8":"first","9":"instock","10":"shipping-taxable","11":"purchasable","12":"product-type-variable"},"_links":{"self":[{"href":"https:\/\/premiumthcstore.de\/de\/wp-json\/wp\/v2\/product\/16396","targetHints":{"allow":["GET"]}}],"collection":[{"href":"https:\/\/premiumthcstore.de\/de\/wp-json\/wp\/v2\/product"}],"about":[{"href":"https:\/\/premiumthcstore.de\/de\/wp-json\/wp\/v2\/types\/product"}],"replies":[{"embeddable":true,"href":"https:\/\/premiumthcstore.de\/de\/wp-json\/wp\/v2\/comments?post=16396"}],"version-history":[{"count":1,"href":"https:\/\/premiumthcstore.de\/de\/wp-json\/wp\/v2\/product\/16396\/revisions"}],"predecessor-version":[{"id":16426,"href":"https:\/\/premiumthcstore.de\/de\/wp-json\/wp\/v2\/product\/16396\/revisions\/16426"}],"wp:featuredmedia":[{"embeddable":true,"href":"https:\/\/premiumthcstore.de\/de\/wp-json\/wp\/v2\/media\/15896"}],"wp:attachment":[{"href":"https:\/\/premiumthcstore.de\/de\/wp-json\/wp\/v2\/media?parent=16396"}],"wp:term":[{"taxonomy":"product_brand","embeddable":true,"href":"https:\/\/premiumthcstore.de\/de\/wp-json\/wp\/v2\/product_brand?post=16396"},{"taxonomy":"product_cat","embeddable":true,"href":"https:\/\/premiumthcstore.de\/de\/wp-json\/wp\/v2\/product_cat?post=16396"},{"taxonomy":"product_tag","embeddable":true,"href":"https:\/\/premiumthcstore.de\/de\/wp-json\/wp\/v2\/product_tag?post=16396"}],"curies":[{"name":"wp","href":"https:\/\/api.w.org\/{rel}","templated":true}]}}