{"id":16483,"date":"2026-05-07T02:32:27","date_gmt":"2026-05-07T02:32:27","guid":{"rendered":"https:\/\/premiumthcstore.de\/?post_type=product&#038;p=16483"},"modified":"2026-05-07T02:32:29","modified_gmt":"2026-05-07T02:32:29","slug":"grape-ape","status":"publish","type":"product","link":"https:\/\/premiumthcstore.de\/de\/product\/grape-ape\/","title":{"rendered":"Grape Ape"},"content":{"rendered":"<p data-start=\"0\" data-end=\"32\"><strong data-start=\"0\" data-end=\"32\">Grape Ape \u2013 Premium THC Shop<\/strong><\/p>\n<p data-start=\"34\" data-end=\"268\">Grape Ape ist eine kraftvolle Indica-Sorte, die f\u00fcr ihr intensives Traubenaroma und ihre tief entspannende Wirkung bekannt ist. Perfekt f\u00fcr einen ruhigen Abend, sorgt diese Sorte f\u00fcr maximale Entspannung und ein angenehmes Wohlgef\u00fchl.<\/p>\n<hr data-start=\"270\" data-end=\"273\" \/>\n<h3 data-section-id=\"bw2iix\" data-start=\"275\" data-end=\"299\"><span role=\"text\"><strong data-start=\"279\" data-end=\"299\">Produkt\u00fcbersicht<\/strong><\/span><\/h3>\n<div class=\"TyagGW_tableContainer\">\n<div class=\"group TyagGW_tableWrapper flex flex-col-reverse w-fit\" tabindex=\"-1\">\n<table class=\"w-fit min-w-(--thread-content-width)\" data-start=\"301\" data-end=\"902\">\n<thead data-start=\"301\" data-end=\"362\">\n<tr data-start=\"301\" data-end=\"362\">\n<th class=\"\" data-start=\"301\" data-end=\"326\" data-col-size=\"sm\">Eigenschaft<\/th>\n<th class=\"\" data-start=\"326\" data-end=\"362\" data-col-size=\"sm\">Details<\/th>\n<\/tr>\n<\/thead>\n<tbody data-start=\"423\" data-end=\"902\">\n<tr data-start=\"423\" data-end=\"482\">\n<td data-start=\"423\" data-end=\"447\" data-col-size=\"sm\">Typ<\/td>\n<td data-start=\"447\" data-end=\"482\" data-col-size=\"sm\">Indica<\/td>\n<\/tr>\n<tr data-start=\"483\" data-end=\"542\">\n<td data-start=\"483\" data-end=\"507\" data-col-size=\"sm\">Cannabinoid<\/td>\n<td data-start=\"507\" data-end=\"542\" data-col-size=\"sm\">THC-dominant<\/td>\n<\/tr>\n<tr data-start=\"543\" data-end=\"602\">\n<td data-start=\"543\" data-end=\"567\" data-col-size=\"sm\">THC-Gehalt<\/td>\n<td data-start=\"567\" data-end=\"602\" data-col-size=\"sm\">18,5 \u2013 20,75 %<\/td>\n<\/tr>\n<tr data-start=\"603\" data-end=\"662\">\n<td data-start=\"603\" data-end=\"627\" data-col-size=\"sm\">CBD-Gehalt<\/td>\n<td data-start=\"627\" data-end=\"662\" data-col-size=\"sm\">0,34 \u2013 0,68 %<\/td>\n<\/tr>\n<tr data-start=\"663\" data-end=\"722\">\n<td data-start=\"663\" data-end=\"687\" data-col-size=\"sm\">CBG<\/td>\n<td data-start=\"687\" data-end=\"722\" data-col-size=\"sm\">0,5 \u2013 0,84 %<\/td>\n<\/tr>\n<tr data-start=\"723\" data-end=\"782\">\n<td data-start=\"723\" data-end=\"747\" data-col-size=\"sm\">Geschmack<\/td>\n<td data-start=\"747\" data-end=\"782\" data-col-size=\"sm\">Traube, Beere<\/td>\n<\/tr>\n<tr data-start=\"783\" data-end=\"842\">\n<td data-start=\"783\" data-end=\"807\" data-col-size=\"sm\">Wirkung<\/td>\n<td data-start=\"807\" data-end=\"842\" data-col-size=\"sm\">Entspannend, schl\u00e4frig<\/td>\n<\/tr>\n<tr data-start=\"843\" data-end=\"902\">\n<td data-start=\"843\" data-end=\"867\" data-col-size=\"sm\">Nebenwirkungen<\/td>\n<td data-start=\"867\" data-end=\"902\" data-col-size=\"sm\">Trockener Mund, trockene Augen<\/td>\n<\/tr>\n<\/tbody>\n<\/table>\n<\/div>\n<\/div>\n<hr data-start=\"904\" data-end=\"907\" \/>\n<h3 data-section-id=\"kra2ha\" data-start=\"909\" data-end=\"934\"><span role=\"text\"><strong data-start=\"913\" data-end=\"934\">Aroma &amp; Geschmack<\/strong><\/span><\/h3>\n<p data-start=\"936\" data-end=\"998\">Grape Ape ist ber\u00fchmt f\u00fcr sein s\u00fc\u00dfes, intensives Fruchtprofil.<\/p>\n<p data-start=\"1000\" data-end=\"1021\"><strong data-start=\"1000\" data-end=\"1021\">Geschmacksprofil:<\/strong><\/p>\n<ul data-start=\"1022\" data-end=\"1161\">\n<li data-section-id=\"ur6z9u\" data-start=\"1022\" data-end=\"1048\">Dominante Traubennoten<\/li>\n<li data-section-id=\"1e13buk\" data-start=\"1049\" data-end=\"1070\">S\u00fc\u00dfe Beerenaromen<\/li>\n<li data-section-id=\"82wnbh\" data-start=\"1071\" data-end=\"1119\">Candy-\u00e4hnliche S\u00fc\u00dfe (\u00e4hnlich Traubenbonbons)<\/li>\n<li data-section-id=\"pu5ni7\" data-start=\"1120\" data-end=\"1161\">Leicht erdiger, moschusartiger Abgang<\/li>\n<\/ul>\n<p data-start=\"1163\" data-end=\"1284\">Schon beim ersten Zug entfaltet sich ein vollmundiges, s\u00fc\u00dfes Aroma, das besonders Liebhaber fruchtiger Sorten begeistert.<\/p>\n<hr data-start=\"1286\" data-end=\"1289\" \/>\n<h3 data-section-id=\"mugcyp\" data-start=\"1291\" data-end=\"1315\"><span role=\"text\"><strong data-start=\"1295\" data-end=\"1315\">Wirkung &amp; Potenz<\/strong><\/span><\/h3>\n<p data-start=\"1317\" data-end=\"1414\">Mit einem THC-Gehalt von bis zu 20,75 % bietet Grape Ape ein starkes, k\u00f6rperbetontes Indica-High.<\/p>\n<p data-start=\"1416\" data-end=\"1437\"><strong data-start=\"1416\" data-end=\"1437\">Typische Effekte:<\/strong><\/p>\n<ul data-start=\"1438\" data-end=\"1550\">\n<li data-section-id=\"1jdvq8h\" data-start=\"1438\" data-end=\"1471\">Tiefe k\u00f6rperliche Entspannung<\/li>\n<li data-section-id=\"1bfr42g\" data-start=\"1472\" data-end=\"1508\">Gl\u00fccksgef\u00fchle &amp; leichte Euphorie<\/li>\n<li data-section-id=\"1xt3z2i\" data-start=\"1509\" data-end=\"1532\">Stimmungsaufhellung<\/li>\n<li data-section-id=\"1pd2cj5\" data-start=\"1533\" data-end=\"1550\">Schl\u00e4frigkeit<\/li>\n<\/ul>\n<p data-start=\"1552\" data-end=\"1674\">Die Wirkung baut sich langsam auf und breitet sich gleichm\u00e4\u00dfig im K\u00f6rper aus \u2013 ideal zum Abschalten nach einem langen Tag.<\/p>\n<p data-start=\"1676\" data-end=\"1704\"><strong data-start=\"1676\" data-end=\"1704\">M\u00f6gliche Nebenwirkungen:<\/strong><\/p>\n<ul data-start=\"1705\" data-end=\"1796\">\n<li data-section-id=\"8d0ef\" data-start=\"1705\" data-end=\"1723\">Trockener Mund<\/li>\n<li data-section-id=\"134huin\" data-start=\"1724\" data-end=\"1742\">Trockene Augen<\/li>\n<li data-section-id=\"vxw3gt\" data-start=\"1743\" data-end=\"1756\">Schwindel<\/li>\n<li data-section-id=\"pglht5\" data-start=\"1757\" data-end=\"1774\">Kopfschmerzen<\/li>\n<li data-section-id=\"1e1i7rb\" data-start=\"1775\" data-end=\"1796\">Paranoia (selten)<\/li>\n<\/ul>\n<hr data-start=\"1798\" data-end=\"1801\" \/>\n<h3 data-section-id=\"17mmarl\" data-start=\"1803\" data-end=\"1829\"><span role=\"text\"><strong data-start=\"1807\" data-end=\"1829\">Cannabinoid-Profil<\/strong><\/span><\/h3>\n<div class=\"TyagGW_tableContainer\">\n<div class=\"group TyagGW_tableWrapper flex flex-col-reverse w-fit\" tabindex=\"-1\">\n<table class=\"w-fit min-w-(--thread-content-width)\" data-start=\"1831\" data-end=\"2002\">\n<thead data-start=\"1831\" data-end=\"1866\">\n<tr data-start=\"1831\" data-end=\"1866\">\n<th class=\"\" data-start=\"1831\" data-end=\"1845\" data-col-size=\"sm\">Cannabinoid<\/th>\n<th class=\"\" data-start=\"1845\" data-end=\"1866\" data-col-size=\"sm\">Gehalt<\/th>\n<\/tr>\n<\/thead>\n<tbody data-start=\"1901\" data-end=\"2002\">\n<tr data-start=\"1901\" data-end=\"1934\">\n<td data-start=\"1901\" data-end=\"1914\" data-col-size=\"sm\">THC<\/td>\n<td data-start=\"1914\" data-end=\"1934\" data-col-size=\"sm\">18,5 \u2013 20,75 %<\/td>\n<\/tr>\n<tr data-start=\"1935\" data-end=\"1968\">\n<td data-start=\"1935\" data-end=\"1948\" data-col-size=\"sm\">CBD<\/td>\n<td data-start=\"1948\" data-end=\"1968\" data-col-size=\"sm\">0,34 \u2013 0,68 %<\/td>\n<\/tr>\n<tr data-start=\"1969\" data-end=\"2002\">\n<td data-start=\"1969\" data-end=\"1982\" data-col-size=\"sm\">CBG<\/td>\n<td data-start=\"1982\" data-end=\"2002\" data-col-size=\"sm\">0,5 \u2013 0,84 %<\/td>\n<\/tr>\n<\/tbody>\n<\/table>\n<\/div>\n<\/div>\n<hr data-start=\"2004\" data-end=\"2007\" \/>\n<h3 data-section-id=\"12jhl6h\" data-start=\"2009\" data-end=\"2024\"><span role=\"text\"><strong data-start=\"2013\" data-end=\"2024\">Genetik<\/strong><\/span><\/h3>\n<p data-start=\"2026\" data-end=\"2084\">Grape Ape ist eine Kreuzung aus mehreren bekannten Sorten:<\/p>\n<ul data-start=\"2086\" data-end=\"2139\">\n<li data-section-id=\"c276ey\" data-start=\"2086\" data-end=\"2105\">Mendocino Purps<\/li>\n<li data-section-id=\"1ol3h4w\" data-start=\"2106\" data-end=\"2115\">Skunk<\/li>\n<li data-section-id=\"zn8zva\" data-start=\"2116\" data-end=\"2139\">Afghani (Landrasse)<\/li>\n<\/ul>\n<p data-start=\"2141\" data-end=\"2227\">Diese Kombination sorgt f\u00fcr die starke Indica-Wirkung und das charakteristische Aroma.<\/p>\n<hr data-start=\"2229\" data-end=\"2232\" \/>\n<h3 data-section-id=\"163lqf\" data-start=\"2234\" data-end=\"2265\"><span role=\"text\"><strong data-start=\"2238\" data-end=\"2265\">Medizinisches Potenzial<\/strong><\/span><\/h3>\n<p data-start=\"2267\" data-end=\"2341\">Grape Ape wird h\u00e4ufig zur Unterst\u00fctzung bei folgenden Beschwerden genutzt:<\/p>\n<ul data-start=\"2343\" data-end=\"2433\">\n<li data-section-id=\"1d2onkr\" data-start=\"2343\" data-end=\"2356\">Schmerzen<\/li>\n<li data-section-id=\"1kb316a\" data-start=\"2357\" data-end=\"2383\">Stress &amp; Angstzust\u00e4nde<\/li>\n<li data-section-id=\"1llug7q\" data-start=\"2384\" data-end=\"2403\">Schlaflosigkeit<\/li>\n<li data-section-id=\"1bfisto\" data-start=\"2404\" data-end=\"2416\">\u00dcbelkeit<\/li>\n<li data-section-id=\"l3khxp\" data-start=\"2417\" data-end=\"2433\">Depressionen<\/li>\n<\/ul>\n<hr data-start=\"2435\" data-end=\"2438\" \/>\n<h3 data-section-id=\"49o9bs\" data-start=\"2440\" data-end=\"2466\"><span role=\"text\"><strong data-start=\"2444\" data-end=\"2466\">Anbauinformationen<\/strong><\/span><\/h3>\n<p data-start=\"2468\" data-end=\"2554\">Grape Ape ist eine etwas anspruchsvollere Sorte, die jedoch gute Ertr\u00e4ge liefern kann.<\/p>\n<div class=\"TyagGW_tableContainer\">\n<div class=\"group TyagGW_tableWrapper flex flex-col-reverse w-fit\" tabindex=\"-1\">\n<table class=\"w-fit min-w-(--thread-content-width)\" data-start=\"2556\" data-end=\"3077\">\n<thead data-start=\"2556\" data-end=\"2614\">\n<tr data-start=\"2556\" data-end=\"2614\">\n<th class=\"\" data-start=\"2556\" data-end=\"2578\" data-col-size=\"sm\">Faktor<\/th>\n<th class=\"\" data-start=\"2578\" data-end=\"2614\" data-col-size=\"sm\">Details<\/th>\n<\/tr>\n<\/thead>\n<tbody data-start=\"2673\" data-end=\"3077\">\n<tr data-start=\"2673\" data-end=\"2730\">\n<td data-start=\"2673\" data-end=\"2695\" data-col-size=\"sm\">Schwierigkeitsgrad<\/td>\n<td data-start=\"2695\" data-end=\"2730\" data-col-size=\"sm\">Anspruchsvoll<\/td>\n<\/tr>\n<tr data-start=\"2731\" data-end=\"2788\">\n<td data-start=\"2731\" data-end=\"2753\" data-col-size=\"sm\">Bl\u00fctezeit<\/td>\n<td data-start=\"2753\" data-end=\"2788\" data-col-size=\"sm\">7 \u2013 8 Wochen<\/td>\n<\/tr>\n<tr data-start=\"2789\" data-end=\"2846\">\n<td data-start=\"2789\" data-end=\"2811\" data-col-size=\"sm\">Ernte Outdoor<\/td>\n<td data-start=\"2811\" data-end=\"2846\" data-col-size=\"sm\">September \u2013 Oktober<\/td>\n<\/tr>\n<tr data-start=\"2847\" data-end=\"2904\">\n<td data-start=\"2847\" data-end=\"2869\" data-col-size=\"sm\">Ertrag Outdoor<\/td>\n<td data-start=\"2869\" data-end=\"2904\" data-col-size=\"sm\">Bis zu ~800 g\/Pflanze<\/td>\n<\/tr>\n<tr data-start=\"2905\" data-end=\"2962\">\n<td data-start=\"2905\" data-end=\"2927\" data-col-size=\"sm\">Ertrag Indoor<\/td>\n<td data-start=\"2927\" data-end=\"2962\" data-col-size=\"sm\">~3 Oz\/Ft\u00b2<\/td>\n<\/tr>\n<tr data-start=\"2963\" data-end=\"3020\">\n<td data-start=\"2963\" data-end=\"2985\" data-col-size=\"sm\">Pflanzenh\u00f6he<\/td>\n<td data-start=\"2985\" data-end=\"3020\" data-col-size=\"sm\">Mittel<\/td>\n<\/tr>\n<tr data-start=\"3021\" data-end=\"3077\">\n<td data-start=\"3021\" data-end=\"3043\" data-col-size=\"sm\">Bl\u00fctetyp<\/td>\n<td data-start=\"3043\" data-end=\"3077\" data-col-size=\"sm\">Feminisiert<\/td>\n<\/tr>\n<\/tbody>\n<\/table>\n<\/div>\n<\/div>\n<hr data-start=\"3079\" data-end=\"3082\" \/>\n<h3 data-section-id=\"jfc70x\" data-start=\"3084\" data-end=\"3102\"><span role=\"text\"><strong data-start=\"3088\" data-end=\"3102\">Anbautipps<\/strong><\/span><\/h3>\n<ul data-start=\"3104\" data-end=\"3299\">\n<li data-section-id=\"1jz16vh\" data-start=\"3104\" data-end=\"3143\"><strong data-start=\"3106\" data-end=\"3116\">Klima:<\/strong> Warm, aber nicht zu hei\u00df<\/li>\n<li data-section-id=\"1n38y1b\" data-start=\"3144\" data-end=\"3187\"><strong data-start=\"3146\" data-end=\"3159\">Umgebung:<\/strong> Indoor &amp; Outdoor geeignet<\/li>\n<li data-section-id=\"qlfnwb\" data-start=\"3188\" data-end=\"3252\"><strong data-start=\"3190\" data-end=\"3201\">Pflege:<\/strong> Regelm\u00e4\u00dfige Kontrolle und ausgewogene N\u00e4hrstoffe<\/li>\n<li data-section-id=\"15wi1iy\" data-start=\"3253\" data-end=\"3299\"><strong data-start=\"3255\" data-end=\"3266\">Ertrag:<\/strong> Hoch bei optimalen Bedingungen<\/li>\n<\/ul>","protected":false},"excerpt":{"rendered":"<p>Grape Ape \u2013 Premium THC Shop Grape Ape ist eine kraftvolle Indica-Sorte, die f\u00fcr ihr intensives Traubenaroma und ihre tief<\/p>","protected":false},"featured_media":16000,"comment_status":"open","ping_status":"closed","template":"","meta":[],"product_brand":[],"product_cat":[81],"product_tag":[],"class_list":{"0":"post-16483","1":"product","2":"type-product","3":"status-publish","4":"has-post-thumbnail","6":"product_cat-gras","8":"first","9":"instock","10":"shipping-taxable","11":"purchasable","12":"product-type-variable"},"_links":{"self":[{"href":"https:\/\/premiumthcstore.de\/de\/wp-json\/wp\/v2\/product\/16483","targetHints":{"allow":["GET"]}}],"collection":[{"href":"https:\/\/premiumthcstore.de\/de\/wp-json\/wp\/v2\/product"}],"about":[{"href":"https:\/\/premiumthcstore.de\/de\/wp-json\/wp\/v2\/types\/product"}],"replies":[{"embeddable":true,"href":"https:\/\/premiumthcstore.de\/de\/wp-json\/wp\/v2\/comments?post=16483"}],"version-history":[{"count":1,"href":"https:\/\/premiumthcstore.de\/de\/wp-json\/wp\/v2\/product\/16483\/revisions"}],"predecessor-version":[{"id":16499,"href":"https:\/\/premiumthcstore.de\/de\/wp-json\/wp\/v2\/product\/16483\/revisions\/16499"}],"wp:featuredmedia":[{"embeddable":true,"href":"https:\/\/premiumthcstore.de\/de\/wp-json\/wp\/v2\/media\/16000"}],"wp:attachment":[{"href":"https:\/\/premiumthcstore.de\/de\/wp-json\/wp\/v2\/media?parent=16483"}],"wp:term":[{"taxonomy":"product_brand","embeddable":true,"href":"https:\/\/premiumthcstore.de\/de\/wp-json\/wp\/v2\/product_brand?post=16483"},{"taxonomy":"product_cat","embeddable":true,"href":"https:\/\/premiumthcstore.de\/de\/wp-json\/wp\/v2\/product_cat?post=16483"},{"taxonomy":"product_tag","embeddable":true,"href":"https:\/\/premiumthcstore.de\/de\/wp-json\/wp\/v2\/product_tag?post=16483"}],"curies":[{"name":"wp","href":"https:\/\/api.w.org\/{rel}","templated":true}]}}