{"id":16559,"date":"2026-05-07T02:32:33","date_gmt":"2026-05-07T02:32:33","guid":{"rendered":"https:\/\/premiumthcstore.de\/?post_type=product&#038;p=16559"},"modified":"2026-05-07T02:32:36","modified_gmt":"2026-05-07T02:32:36","slug":"pink-runtz-cookies","status":"publish","type":"product","link":"https:\/\/premiumthcstore.de\/de\/produkt\/pink-runtz-cookies\/","title":{"rendered":"Pink Runtz Cookies"},"content":{"rendered":"<p data-start=\"210\" data-end=\"589\"><strong data-start=\"251\" data-end=\"273\">Pink Runtz Cookies<\/strong> ist eine beliebte Hybrid-Sorte (50% Indica \/ 50% Sativa), die aus der Kreuzung von Zkittlez und Gelato hervorgegangen ist. Als Phenotyp der legend\u00e4ren Runtz-Familie hat sich diese Sorte durch ihr einzigartiges Aroma, ihre starke Wirkung und ihre auff\u00e4llige Optik einen festen Platz unter Cannabis-Kennern gesichert.<\/p>\n<p data-start=\"591\" data-end=\"772\">Mit einem durchschnittlichen THC-Gehalt von etwa <strong data-start=\"640\" data-end=\"647\">25%<\/strong> bietet Pink Runtz ein kraftvolles, langanhaltendes High, das sowohl den Geist belebt als auch den K\u00f6rper angenehm entspannt.<\/p>\n<p data-start=\"774\" data-end=\"866\"><strong data-start=\"774\" data-end=\"796\">Aroma &amp; Geschmack:<\/strong><br data-start=\"796\" data-end=\"799\" \/>Pink Runtz \u00fcberzeugt mit einem s\u00fc\u00dfen, bonbonartigen Terpenprofil:<\/p>\n<p data-start=\"868\" data-end=\"1016\">\u2022 <strong data-start=\"870\" data-end=\"884\">Geschmack:<\/strong> Fruchtig, s\u00fc\u00df wie Zuckerwatte, leicht s\u00e4uerlich im Abgang<br data-start=\"942\" data-end=\"945\" \/>\u2022 <strong data-start=\"947\" data-end=\"957\">Aroma:<\/strong> Zart, s\u00fc\u00df und frisch \u2013 erinnert an fruchtige S\u00fc\u00dfigkeiten<\/p>\n<p data-start=\"1018\" data-end=\"1032\"><strong data-start=\"1018\" data-end=\"1030\">Wirkung:<\/strong><\/p>\n<p data-start=\"1034\" data-end=\"1113\">\u2022 <strong data-start=\"1036\" data-end=\"1062\">Euphorisch &amp; erhebend:<\/strong><br data-start=\"1062\" data-end=\"1065\" \/>Sorgt f\u00fcr gute Laune und ein positives Mindset<\/p>\n<p data-start=\"1115\" data-end=\"1194\">\u2022 <strong data-start=\"1117\" data-end=\"1132\">Ausgewogen:<\/strong><br data-start=\"1132\" data-end=\"1135\" \/>Kombiniert mentale Aktivit\u00e4t mit k\u00f6rperlicher Entspannung<\/p>\n<p data-start=\"1196\" data-end=\"1274\">\u2022 <strong data-start=\"1198\" data-end=\"1216\">Langanhaltend:<\/strong><br data-start=\"1216\" data-end=\"1219\" \/>Ideal f\u00fcr entspannte Stunden ohne st\u00e4ndiges Nachlegen<\/p>\n<p data-start=\"1276\" data-end=\"1300\"><strong data-start=\"1276\" data-end=\"1298\">M\u00f6gliche Vorteile:<\/strong><\/p>\n<p data-start=\"1302\" data-end=\"1374\">Viele Nutzer berichten, dass Pink Runtz unterst\u00fctzend wirken kann bei:<\/p>\n<p data-start=\"1376\" data-end=\"1459\">\u2022 Stress und Depressionen<br data-start=\"1401\" data-end=\"1404\" \/>\u2022 Angstzust\u00e4nden<br data-start=\"1420\" data-end=\"1423\" \/>\u2022 Leichten bis moderaten Schmerzen<\/p>\n<p data-start=\"1461\" data-end=\"1491\"><strong data-start=\"1461\" data-end=\"1489\">M\u00f6gliche Nebenwirkungen:<\/strong><\/p>\n<p data-start=\"1493\" data-end=\"1567\">\u2022 Trockener Mund<br data-start=\"1509\" data-end=\"1512\" \/>\u2022 Trockene Augen<br data-start=\"1528\" data-end=\"1531\" \/>\u2022 In seltenen F\u00e4llen Kopfschmerzen<\/p>\n<p data-start=\"1569\" data-end=\"1791\"><strong data-start=\"1569\" data-end=\"1579\">Optik:<\/strong><br data-start=\"1579\" data-end=\"1582\" \/>Die Buds sind besonders auff\u00e4llig: dichte, kompakte Bl\u00fcten in Mintgr\u00fcn mit violetten und pinken Nuancen, durchzogen von feinen orangefarbenen H\u00e4rchen und \u00fcberzogen mit einer dicken Schicht funkelnder Trichome.<\/p>\n<p data-start=\"1793\" data-end=\"1814\"><strong data-start=\"1793\" data-end=\"1812\">Besonderheiten:<\/strong><\/p>\n<p data-start=\"1816\" data-end=\"1954\">\u2022 Hochwertige Runtz-Genetik<br data-start=\"1843\" data-end=\"1846\" \/>\u2022 Intensives, s\u00fc\u00dfes Candy-Aroma<br data-start=\"1877\" data-end=\"1880\" \/>\u2022 Auff\u00e4llige, farbenreiche Buds<br data-start=\"1911\" data-end=\"1914\" \/>\u2022 Perfekt f\u00fcr Freizeit und Entspannung<\/p>\n<p data-start=\"1956\" data-end=\"2145\" data-is-last-node=\"\" data-is-only-node=\"\"><strong data-start=\"1956\" data-end=\"1966\">Fazit:<\/strong><br data-start=\"1966\" data-end=\"1969\" \/><strong data-start=\"1969\" data-end=\"1991\">Pink Runtz Cookies<\/strong> ist die perfekte Wahl f\u00fcr alle, die ein starkes, geschmackvolles und optisch beeindruckendes Cannabis-Erlebnis suchen \u2013 s\u00fc\u00df, potent und absolut angesagt.<\/p>","protected":false},"excerpt":{"rendered":"<p>Pink Runtz Cookies ist ein ausgewogener Hybrid mit ca. 25% THC, bekannt f\u00fcr seinen s\u00fc\u00df-fruchtigen Candy-Geschmack, starke Wirkung und farbenfrohe, dichte Buds.<\/p>","protected":false},"featured_media":16099,"comment_status":"open","ping_status":"closed","template":"","meta":[],"product_brand":[],"product_cat":[20],"product_tag":[],"class_list":{"0":"post-16559","1":"product","2":"type-product","3":"status-publish","4":"has-post-thumbnail","6":"product_cat-cali-grass-kaufen","8":"first","9":"instock","10":"shipping-taxable","11":"purchasable","12":"product-type-variable"},"yoast_head":"<!-- This site is optimized with the Yoast SEO Premium plugin v26.1 (Yoast SEO v27.5) - https:\/\/yoast.com\/product\/yoast-seo-premium-wordpress\/ -->\n<title>Pink Runtz Cookies &#8211; Premium THC Store<\/title>\n<meta name=\"robots\" content=\"index, follow, max-snippet:-1, max-image-preview:large, max-video-preview:-1\" \/>\n<link rel=\"canonical\" href=\"https:\/\/premiumthcstore.de\/de\/produkt\/pink-runtz-cookies\/\" \/>\n<meta property=\"og:locale\" content=\"de_DE\" \/>\n<meta property=\"og:type\" content=\"article\" \/>\n<meta property=\"og:title\" content=\"Pink Runtz Cookies\" \/>\n<meta property=\"og:description\" content=\"Pink Runtz Cookies ist ein ausgewogener Hybrid mit ca. 25% THC, bekannt f\u00fcr seinen s\u00fc\u00df-fruchtigen Candy-Geschmack, starke Wirkung und farbenfrohe, dichte Buds.\" \/>\n<meta property=\"og:url\" content=\"https:\/\/premiumthcstore.de\/de\/produkt\/pink-runtz-cookies\/\" \/>\n<meta property=\"og:site_name\" content=\"Premium THC Store\" \/>\n<meta property=\"article:modified_time\" content=\"2026-05-07T02:32:36+00:00\" \/>\n<meta property=\"og:image\" content=\"https:\/\/premiumthcstore.de\/wp-content\/uploads\/2026\/05\/pink-runtz-1-400x400-1.jpg\" \/>\n\t<meta property=\"og:image:width\" content=\"400\" \/>\n\t<meta property=\"og:image:height\" content=\"400\" \/>\n\t<meta property=\"og:image:type\" content=\"image\/jpeg\" \/>\n<meta name=\"twitter:card\" content=\"summary_large_image\" \/>\n<meta name=\"twitter:label1\" content=\"Gesch\u00e4tzte Lesezeit\" \/>\n\t<meta name=\"twitter:data1\" content=\"1\u00a0Minute\" \/>\n<script type=\"application\/ld+json\" class=\"yoast-schema-graph\">{\"@context\":\"https:\\\/\\\/schema.org\",\"@graph\":[{\"@type\":\"WebPage\",\"@id\":\"https:\\\/\\\/premiumthcstore.de\\\/product\\\/pink-runtz-cookies\\\/\",\"url\":\"https:\\\/\\\/premiumthcstore.de\\\/product\\\/pink-runtz-cookies\\\/\",\"name\":\"Pink Runtz Cookies &#8211; Premium THC Store\",\"isPartOf\":{\"@id\":\"https:\\\/\\\/premiumthcstore.de\\\/#website\"},\"primaryImageOfPage\":{\"@id\":\"https:\\\/\\\/premiumthcstore.de\\\/product\\\/pink-runtz-cookies\\\/#primaryimage\"},\"image\":{\"@id\":\"https:\\\/\\\/premiumthcstore.de\\\/product\\\/pink-runtz-cookies\\\/#primaryimage\"},\"thumbnailUrl\":\"https:\\\/\\\/premiumthcstore.de\\\/wp-content\\\/uploads\\\/2026\\\/05\\\/pink-runtz-1-400x400-1.jpg\",\"datePublished\":\"2026-05-07T02:32:33+00:00\",\"dateModified\":\"2026-05-07T02:32:36+00:00\",\"breadcrumb\":{\"@id\":\"https:\\\/\\\/premiumthcstore.de\\\/product\\\/pink-runtz-cookies\\\/#breadcrumb\"},\"inLanguage\":\"de\",\"potentialAction\":[{\"@type\":\"ReadAction\",\"target\":[\"https:\\\/\\\/premiumthcstore.de\\\/product\\\/pink-runtz-cookies\\\/\"]}]},{\"@type\":\"ImageObject\",\"inLanguage\":\"de\",\"@id\":\"https:\\\/\\\/premiumthcstore.de\\\/product\\\/pink-runtz-cookies\\\/#primaryimage\",\"url\":\"https:\\\/\\\/premiumthcstore.de\\\/wp-content\\\/uploads\\\/2026\\\/05\\\/pink-runtz-1-400x400-1.jpg\",\"contentUrl\":\"https:\\\/\\\/premiumthcstore.de\\\/wp-content\\\/uploads\\\/2026\\\/05\\\/pink-runtz-1-400x400-1.jpg\",\"width\":400,\"height\":400},{\"@type\":\"BreadcrumbList\",\"@id\":\"https:\\\/\\\/premiumthcstore.de\\\/product\\\/pink-runtz-cookies\\\/#breadcrumb\",\"itemListElement\":[{\"@type\":\"ListItem\",\"position\":1,\"name\":\"Home\",\"item\":\"https:\\\/\\\/premiumthcstore.de\\\/\"},{\"@type\":\"ListItem\",\"position\":2,\"name\":\"Shop\",\"item\":\"https:\\\/\\\/premiumthcstore.de\\\/einkaufen\\\/\"},{\"@type\":\"ListItem\",\"position\":3,\"name\":\"Pink Runtz Cookies\"}]},{\"@type\":\"WebSite\",\"@id\":\"https:\\\/\\\/premiumthcstore.de\\\/#website\",\"url\":\"https:\\\/\\\/premiumthcstore.de\\\/\",\"name\":\"Premium THC Store\",\"description\":\"Premium THC Store \u2014 Wo Qualit\u00e4t auf das High Life trifft\",\"publisher\":{\"@id\":\"https:\\\/\\\/premiumthcstore.de\\\/#organization\"},\"alternateName\":\"Premium THC Shop\",\"potentialAction\":[{\"@type\":\"SearchAction\",\"target\":{\"@type\":\"EntryPoint\",\"urlTemplate\":\"https:\\\/\\\/premiumthcstore.de\\\/?s={search_term_string}\"},\"query-input\":{\"@type\":\"PropertyValueSpecification\",\"valueRequired\":true,\"valueName\":\"search_term_string\"}}],\"inLanguage\":\"de\"},{\"@type\":\"Organization\",\"@id\":\"https:\\\/\\\/premiumthcstore.de\\\/#organization\",\"name\":\"Premium THC Store\",\"alternateName\":\"Premium THC Shop\",\"url\":\"https:\\\/\\\/premiumthcstore.de\\\/\",\"logo\":{\"@type\":\"ImageObject\",\"inLanguage\":\"de\",\"@id\":\"https:\\\/\\\/premiumthcstore.de\\\/#\\\/schema\\\/logo\\\/image\\\/\",\"url\":\"http:\\\/\\\/premiumthcstore.de\\\/wp-content\\\/uploads\\\/2026\\\/05\\\/Black-Personal-Name-Initials-Typography-Logo-Design.png\",\"contentUrl\":\"http:\\\/\\\/premiumthcstore.de\\\/wp-content\\\/uploads\\\/2026\\\/05\\\/Black-Personal-Name-Initials-Typography-Logo-Design.png\",\"width\":500,\"height\":500,\"caption\":\"Premium THC Store\"},\"image\":{\"@id\":\"https:\\\/\\\/premiumthcstore.de\\\/#\\\/schema\\\/logo\\\/image\\\/\"}}]}<\/script>\n<!-- \/ Yoast SEO Premium plugin. -->","yoast_head_json":{"title":"Pink Runtz Cookies &#8211; Premium THC Store","robots":{"index":"index","follow":"follow","max-snippet":"max-snippet:-1","max-image-preview":"max-image-preview:large","max-video-preview":"max-video-preview:-1"},"canonical":"https:\/\/premiumthcstore.de\/de\/produkt\/pink-runtz-cookies\/","og_locale":"de_DE","og_type":"article","og_title":"Pink Runtz Cookies","og_description":"Pink Runtz Cookies ist ein ausgewogener Hybrid mit ca. 25% THC, bekannt f\u00fcr seinen s\u00fc\u00df-fruchtigen Candy-Geschmack, starke Wirkung und farbenfrohe, dichte Buds.","og_url":"https:\/\/premiumthcstore.de\/de\/produkt\/pink-runtz-cookies\/","og_site_name":"Premium THC Store","article_modified_time":"2026-05-07T02:32:36+00:00","og_image":[{"width":400,"height":400,"url":"https:\/\/premiumthcstore.de\/wp-content\/uploads\/2026\/05\/pink-runtz-1-400x400-1.jpg","type":"image\/jpeg"}],"twitter_card":"summary_large_image","twitter_misc":{"Gesch\u00e4tzte Lesezeit":"1\u00a0Minute"},"schema":{"@context":"https:\/\/schema.org","@graph":[{"@type":"WebPage","@id":"https:\/\/premiumthcstore.de\/product\/pink-runtz-cookies\/","url":"https:\/\/premiumthcstore.de\/product\/pink-runtz-cookies\/","name":"Pink Runtz Cookies &#8211; Premium THC Store","isPartOf":{"@id":"https:\/\/premiumthcstore.de\/#website"},"primaryImageOfPage":{"@id":"https:\/\/premiumthcstore.de\/product\/pink-runtz-cookies\/#primaryimage"},"image":{"@id":"https:\/\/premiumthcstore.de\/product\/pink-runtz-cookies\/#primaryimage"},"thumbnailUrl":"https:\/\/premiumthcstore.de\/wp-content\/uploads\/2026\/05\/pink-runtz-1-400x400-1.jpg","datePublished":"2026-05-07T02:32:33+00:00","dateModified":"2026-05-07T02:32:36+00:00","breadcrumb":{"@id":"https:\/\/premiumthcstore.de\/product\/pink-runtz-cookies\/#breadcrumb"},"inLanguage":"de","potentialAction":[{"@type":"ReadAction","target":["https:\/\/premiumthcstore.de\/product\/pink-runtz-cookies\/"]}]},{"@type":"ImageObject","inLanguage":"de","@id":"https:\/\/premiumthcstore.de\/product\/pink-runtz-cookies\/#primaryimage","url":"https:\/\/premiumthcstore.de\/wp-content\/uploads\/2026\/05\/pink-runtz-1-400x400-1.jpg","contentUrl":"https:\/\/premiumthcstore.de\/wp-content\/uploads\/2026\/05\/pink-runtz-1-400x400-1.jpg","width":400,"height":400},{"@type":"BreadcrumbList","@id":"https:\/\/premiumthcstore.de\/product\/pink-runtz-cookies\/#breadcrumb","itemListElement":[{"@type":"ListItem","position":1,"name":"Home","item":"https:\/\/premiumthcstore.de\/"},{"@type":"ListItem","position":2,"name":"Shop","item":"https:\/\/premiumthcstore.de\/einkaufen\/"},{"@type":"ListItem","position":3,"name":"Pink Runtz Cookies"}]},{"@type":"WebSite","@id":"https:\/\/premiumthcstore.de\/#website","url":"https:\/\/premiumthcstore.de\/","name":"Premium THC Store","description":"Premium THC Store \u2014 Wo Qualit\u00e4t auf das High Life trifft","publisher":{"@id":"https:\/\/premiumthcstore.de\/#organization"},"alternateName":"Premium THC Shop","potentialAction":[{"@type":"SearchAction","target":{"@type":"EntryPoint","urlTemplate":"https:\/\/premiumthcstore.de\/?s={search_term_string}"},"query-input":{"@type":"PropertyValueSpecification","valueRequired":true,"valueName":"search_term_string"}}],"inLanguage":"de"},{"@type":"Organization","@id":"https:\/\/premiumthcstore.de\/#organization","name":"Premium THC Store","alternateName":"Premium THC Shop","url":"https:\/\/premiumthcstore.de\/","logo":{"@type":"ImageObject","inLanguage":"de","@id":"https:\/\/premiumthcstore.de\/#\/schema\/logo\/image\/","url":"http:\/\/premiumthcstore.de\/wp-content\/uploads\/2026\/05\/Black-Personal-Name-Initials-Typography-Logo-Design.png","contentUrl":"http:\/\/premiumthcstore.de\/wp-content\/uploads\/2026\/05\/Black-Personal-Name-Initials-Typography-Logo-Design.png","width":500,"height":500,"caption":"Premium THC Store"},"image":{"@id":"https:\/\/premiumthcstore.de\/#\/schema\/logo\/image\/"}}]}},"_links":{"self":[{"href":"https:\/\/premiumthcstore.de\/de\/wp-json\/wp\/v2\/product\/16559","targetHints":{"allow":["GET"]}}],"collection":[{"href":"https:\/\/premiumthcstore.de\/de\/wp-json\/wp\/v2\/product"}],"about":[{"href":"https:\/\/premiumthcstore.de\/de\/wp-json\/wp\/v2\/types\/product"}],"replies":[{"embeddable":true,"href":"https:\/\/premiumthcstore.de\/de\/wp-json\/wp\/v2\/comments?post=16559"}],"version-history":[{"count":1,"href":"https:\/\/premiumthcstore.de\/de\/wp-json\/wp\/v2\/product\/16559\/revisions"}],"predecessor-version":[{"id":16574,"href":"https:\/\/premiumthcstore.de\/de\/wp-json\/wp\/v2\/product\/16559\/revisions\/16574"}],"wp:featuredmedia":[{"embeddable":true,"href":"https:\/\/premiumthcstore.de\/de\/wp-json\/wp\/v2\/media\/16099"}],"wp:attachment":[{"href":"https:\/\/premiumthcstore.de\/de\/wp-json\/wp\/v2\/media?parent=16559"}],"wp:term":[{"taxonomy":"product_brand","embeddable":true,"href":"https:\/\/premiumthcstore.de\/de\/wp-json\/wp\/v2\/product_brand?post=16559"},{"taxonomy":"product_cat","embeddable":true,"href":"https:\/\/premiumthcstore.de\/de\/wp-json\/wp\/v2\/product_cat?post=16559"},{"taxonomy":"product_tag","embeddable":true,"href":"https:\/\/premiumthcstore.de\/de\/wp-json\/wp\/v2\/product_tag?post=16559"}],"curies":[{"name":"wp","href":"https:\/\/api.w.org\/{rel}","templated":true}]}}